{"id":354,"date":"2021-02-23T13:06:43","date_gmt":"2021-02-23T11:06:43","guid":{"rendered":"http:\/\/craniosacral.ro\/w\/?page_id=354"},"modified":"2021-02-23T16:44:00","modified_gmt":"2021-02-23T14:44:00","slug":"relaxarea-meridianelor-pentru-a-reduce-efectele-anemiei","status":"publish","type":"page","link":"https:\/\/craniosacral.ro\/w\/relaxarea-meridianelor-pentru-a-reduce-efectele-anemiei\/","title":{"rendered":"Relaxarea meridianelor pentru a reduce efectele anemiei"},"content":{"rendered":"<p>[et_pb_section fb_built=&#8221;1&#8243; _builder_version=&#8221;4.9.0&#8243; _module_preset=&#8221;default&#8221;][et_pb_row _builder_version=&#8221;4.9.0&#8243; _module_preset=&#8221;default&#8221;][et_pb_column _builder_version=&#8221;4.9.0&#8243; _module_preset=&#8221;default&#8221; type=&#8221;4_4&#8243;][et_pb_text _builder_version=&#8221;4.9.0&#8243; _module_preset=&#8221;default&#8221; hover_enabled=&#8221;0&#8243; sticky_enabled=&#8221;0&#8243;]<\/p>\n<p><img loading=\"lazy\" decoding=\"async\" src=\"http:\/\/craniosacral.ro\/w\/wp-content\/uploads\/2021\/02\/anemie-250x170-1.jpg\" width=\"250\" height=\"170\" alt=\"\" class=\"wp-image-353 alignnone size-full\" \/><\/p>\n<p><strong>Mama unuia dintre pacien\u021bii mei, pe care o vom numi \u201eHelen\u201d din respect pentru intimitatea sa, a fost recent \u00een spital pentru o opera\u021bie pe inim\u0103. La 87 de ani era \u00eentr-o stare de s\u0103n\u0103tate bun\u0103, dar \u00een ultima vreme se sim\u021bise pu\u021bin sl\u0103bit\u0103. Cu toate acestea, doctorul i-a recomandat s\u0103 fac\u0103 opera\u021bia pentru ca era \u201eat\u00e2t de s\u0103n\u0103toas\u0103\u201d.<\/strong><\/p>\n<p>Opera\u021bia a mers bine, dar \u00een c\u00e2teva zile Helen suferea de anemie. Ori avea o hemoragie interna, ori m\u0103duva ei osoas\u0103 nu mai producea s\u00e2nge. Doctorii i-au f\u0103cut o transfuzie \u0219i ea a spus c\u0103 se sim\u021bea bine, dar doar pentru c\u00e2teva zile. Apoi i s-a mai f\u0103cut o transfuzie \u0219i \u00eenc\u0103 una, \u0219i astfel un tipar a \u00eenceput s\u0103 se repete: transfuzie, anemie, transfuzie, anemie.<\/p>\n<p>\u00centr-un final biata femeie nu a mai rezistat, a refuzat orice alt\u0103 transfuzie \u0219i se preg\u0103tea s\u0103 moar\u0103. Fiul ei m-a sunat s\u0103 o tratez cu o combina\u021bie de acupunctura \u0219i terapie CranioSacral\u0103. \u00cempreun\u0103, aceste dou\u0103 modalit\u0103\u021bi sunt foarte eficiente \u00een \u00eent\u0103rirea fluxului de energie din corp. Dac\u0103 ne g\u00e2ndim la ritmul cranian ca la valurile oceanului, meridianele din acupunctura ar fi curen\u021bii oceanului. Combinarea celor dou\u0103 tehnici poate s\u0103 intensifice capacitatea noastr\u0103 de a rezolva o gam\u0103 larg\u0103 de probleme medicale.<\/p>\n<p>C\u00e2nd am lucrat pentru prima dat\u0103 pe Helen, m-am concentrat pe \u201erelaxarea meridianelor\u201d folosindu-m\u0103 de ritmul craniosacral pe post de ghid. Pentru a detensiona un punct din acupunctura de-a lungul unui meridian sau a unei c\u0103i energetice, trebuie s\u0103 pui un deget pe punctul respectiv, f\u0103r\u0103 a presa \u00een mod con\u0219tient, doar pentru a permite un u\u0219or contact energetic sau electric. Apoi \u00eencepi s\u0103 cau\u021bi ritmul craniosacral. Se poate sim\u021bi ca o und\u0103 foarte subtil\u0103 care curge la \u00eenceput \u00eentr-o direc\u021bie apoi \u00een cealalt\u0103, \u00een general timp de c\u00e2te trei secunde pentru fiecare direc\u021bie.<\/p>\n<p>O dat\u0103 ce ai sim\u021bit ritmul craniosacral, te contope\u0219ti \u0219i te armonizezi cu el pentru a-l \u00eencuraja s\u0103 curg\u0103 mai u\u0219or \u0219i complet. \u00cembun\u0103t\u0103\u021birea ritmului craniosacral \u00een acest fel este ca si cum \u021bi-ai folosi picioarele pentru a te balansa \u00eenainte \u0219i \u00eenapoi \u00eentr-un leag\u0103n. \u00cen timp ce te mi\u0219ti \u00eentr-o direc\u021bie, \u00ee\u021bi arunci picioarele \u00een sus la \u00een\u0103l\u021bimea arcului pentru a ajunge mai sus. Am folosit acela\u0219i principiu pentru a \u00eembun\u0103t\u0103\u021bi ritmul craniosacral prin ad\u0103ugarea inten\u021biei de \u00eembun\u0103t\u0103\u021bire a fluxului de energie dintre puncte, flux ce se mi\u0219c\u0103 \u00een aceea\u0219i direc\u021bie cu ritmul craniosacral.<\/p>\n<p> Energizarea fluxului m\u0103duvei \u0219i fluxului sanguin<\/p>\n<p>Prima dat\u0103 c\u00e2nd am tratat-o pe Helen, m-am concentrat pe a stimula produc\u021bia de s\u00e2nge din fluxul m\u0103duvei, unde se creeaz\u0103 s\u00e2ngele \u0219i lichidul cerebrospinal. Fluxul m\u0103duvei cuprinde punctele de acupunctur\u0103 numite canalul guvernant 20(GV20) \u0219i canalul guvernant 16(GV16), care se afl\u0103 am\u00e2ndou\u0103 \u00een mijlocul craniului.<br \/> GV20 se afla pe sutura sagital\u0103, aproximativ la punctul de mijloc al liniei care ar conecta v\u00e2rful celor dou\u0103 urechi. Exist\u0103 o mic\u0103 depresiune pe sutura la GV20. GV16 se afla la baza capului, chiar sub protuberan\u021ba occipital\u0103 extern\u0103 (umfl\u0103tura de la baza craniului, pe linia de mijloc). Am detensionat fluxul m\u0103duvei lui Helen, mai \u00eent\u00e2i prin armonizarea cu ritmul cranian dintr-un punct, apoi cu cel\u0103lalt, apoi armonizarea celor doua puncte \u00eempreun\u0103.<\/p>\n<p>A doua oar\u0103 c\u00e2nd am tratat-o pe Helen, m-am concentrat pe detensionarea fluxului ei sanguin, pentru a m\u0103 asigura c\u0103 am acoperit toate bazele. Fluxul sanguin include punctele: stomac 37(ST37), stomac 39(ST39) \u0219i vezic\u0103 11(B11).<\/p>\n<p>Dac\u0103 se m\u0103soar\u0103 utiliz\u00e2nd partea cea mai lat\u0103 de la degetul mare, ST37 se afla la \u0219ase l\u0103\u021bimi de deget sub baza rotulei \u0219i la o l\u0103\u021bime de deget pe lateral, fa\u021ba de creasta tibiei. Iar B11 se afla la o l\u0103\u021bime \u0219i jum\u0103tate lateral fa\u021b\u0103 de coloana vertebral\u0103, la nivelul de la baza primei vertebre toracice.<\/p>\n<p>La scurt timp dup\u0103 cel de-al doilea tratament, Helen a spus c\u0103 se simte bine. \u00cen sf\u00e2r\u0219it organismul ei producea \u0219i punea \u00een circula\u021bie destul s\u00e2nge pentru ca ea s\u0103 mearg\u0103 la reanimare \u0219i apoi s\u0103 se \u00eentoarc\u0103 acas\u0103. Cu o combina\u021bie de atingere u\u0219oara \u0219i inten\u021bie de vindecare, am reu\u0219it s\u0103 ajut la intensificarea fluxului ei de energie s\u0103n\u0103toas\u0103, permi\u021b\u00e2nd corpului ei s\u0103 produc\u0103 mai mult s\u00e2nge \u0219i s\u0103 reduc\u0103 efectele anemiei. Av\u00e2nd privilegiul s\u0103 o sus\u021bin pe Helen \u00een tranzi\u021bia ei de la o stare de lips\u0103 total\u0103 de dorin\u021ba de via\u021ba la a fi s\u0103n\u0103toas\u0103 \u0219i pe picioarele ei, este un tribut adus \u00een\u021belepciunii meridianelor \u0219i a ritmului craniosacral.<\/p>\n<p>de\u00a0<em>Kenneth R.Koles<\/em>, PhD, DSc, Rac, LMT; autor invitat pentru John Upledger, DO, OMM<br \/> Kenneth R.Koles este instructor licen\u021biat al Institutului Upledger care pred\u0103 \u201eRelaxarea meridianelor: Aplicarea principiilor acupuncturii \u00een terapia CranioSacral\u0103.<br \/> Pentru mai multe informa\u021bii vizita\u021bi\u00a0<a href=\"http:\/\/www.upledger.com\/\">www.upledger.com<\/a><\/p>\n<p>[\/et_pb_text][\/et_pb_column][\/et_pb_row][\/et_pb_section]<\/p>\n","protected":false},"excerpt":{"rendered":"<p>Mama unuia dintre pacien\u021bii mei, pe care o vom numi \u201eHelen\u201d din respect pentru intimitatea sa, a fost recent \u00een spital pentru o opera\u021bie pe inim\u0103. La 87 de ani era \u00eentr-o stare de s\u0103n\u0103tate bun\u0103, dar \u00een ultima vreme se sim\u021bise pu\u021bin sl\u0103bit\u0103. Cu toate acestea, doctorul i-a recomandat s\u0103 fac\u0103 opera\u021bia pentru ca [&hellip;]<\/p>\n","protected":false},"author":1,"featured_media":0,"parent":0,"menu_order":0,"comment_status":"closed","ping_status":"closed","template":"","meta":{"_et_pb_use_builder":"on","_et_pb_old_content":"<!-- wp:divi\/placeholder \/-->","_et_gb_content_width":"","footnotes":""},"class_list":["post-354","page","type-page","status-publish","hentry"],"_links":{"self":[{"href":"https:\/\/craniosacral.ro\/w\/wp-json\/wp\/v2\/pages\/354","targetHints":{"allow":["GET"]}}],"collection":[{"href":"https:\/\/craniosacral.ro\/w\/wp-json\/wp\/v2\/pages"}],"about":[{"href":"https:\/\/craniosacral.ro\/w\/wp-json\/wp\/v2\/types\/page"}],"author":[{"embeddable":true,"href":"https:\/\/craniosacral.ro\/w\/wp-json\/wp\/v2\/users\/1"}],"replies":[{"embeddable":true,"href":"https:\/\/craniosacral.ro\/w\/wp-json\/wp\/v2\/comments?post=354"}],"version-history":[{"count":0,"href":"https:\/\/craniosacral.ro\/w\/wp-json\/wp\/v2\/pages\/354\/revisions"}],"wp:attachment":[{"href":"https:\/\/craniosacral.ro\/w\/wp-json\/wp\/v2\/media?parent=354"}],"curies":[{"name":"wp","href":"https:\/\/api.w.org\/{rel}","templated":true}]}}