{"id":339,"date":"2021-02-23T12:59:17","date_gmt":"2021-02-23T10:59:17","guid":{"rendered":"http:\/\/craniosacral.ro\/w\/?page_id=339"},"modified":"2021-02-23T13:58:06","modified_gmt":"2021-02-23T11:58:06","slug":"orice-e-posibil","status":"publish","type":"page","link":"https:\/\/craniosacral.ro\/w\/orice-e-posibil\/","title":{"rendered":"Orice e posibil"},"content":{"rendered":"<p>[et_pb_section fb_built=&#8221;1&#8243; _builder_version=&#8221;4.9.0&#8243; _module_preset=&#8221;default&#8221;][et_pb_row _builder_version=&#8221;4.9.0&#8243; _module_preset=&#8221;default&#8221;][et_pb_column _builder_version=&#8221;4.9.0&#8243; _module_preset=&#8221;default&#8221; type=&#8221;4_4&#8243;][et_pb_text _builder_version=&#8221;4.9.0&#8243; _module_preset=&#8221;default&#8221; hover_enabled=&#8221;0&#8243; sticky_enabled=&#8221;0&#8243;]<\/p>\n<p><img loading=\"lazy\" decoding=\"async\" src=\"http:\/\/craniosacral.ro\/w\/wp-content\/uploads\/2021\/02\/hemoglobina-250x170-1.jpg\" width=\"250\" height=\"170\" alt=\"\" class=\"wp-image-338 alignnone size-full\" \/><\/p>\n<p><strong>Terri, o femeie de 62 de ani cu o s\u0103n\u0103tate \u00een limitele normalului, caut\u0103 recent ajutor pe Internet, c\u00e2nd a dat peste un articol al site-ului \u201eMasajul ast\u0103zi\u201d, despre care ea spune c\u0103 \u201epractic mi-a salvat via\u021ba\u201d. Suferea de o anemie cronic\u0103 pe care doctorii de la dou\u0103 spitale diferite nu o puteau explica. S\u0103n\u0103tatea ei \u00eencepuse s\u0103 se degradeze cu un an \u00eenainte c\u00e2nd s-a v\u0103zut \u00een situa\u021bia de a nu mai putea respira cum trebuie. \u201dNu m\u0103 mai puteam \u00eembr\u0103ca diminea\u021ba f\u0103r\u0103 s\u0103 trebuiasc\u0103 s\u0103 m\u0103 a\u0219ez \u0219i s\u0103 m\u0103 odihnesc,\u201d spunea Terri. \u201dNici m\u0103car nu puteam s\u0103 fac drumul c\u0103tre baie de la biroul meu de la serviciu.\u201d<\/strong><\/p>\n<p>Doctorii suspectau c\u0103 Terri sufer\u0103 de o form\u0103 rar\u0103 de astm, dar ea pur \u0219i simplu nu avea \u00eencredere \u00een acest diagnostic. \u201dEu nu respiram cu un \u0219uierat, ca un astmatic. Pur \u0219i simplu \u00eemi lipsea suflul. \u201dCu toate acestea, doctorii i-au administrat un soi de steroid pe o perioad\u0103 de \u0219ase luni pentru a \u00eencerca s\u0103 \u00eei rezolve problema respira\u021biei. \u201dNu m-a ajutat cu nimic, ba mai mult m-a f\u0103cut s\u0103 m\u0103 \u00eengra\u0219 foarte mult\u201d, a spus ea.<\/p>\n<p>Apoi, \u00een noiembrie anul trecut, piciorul drept \u0219i degetul mare al lui Terri i-au amor\u021bit \u0219i s-au f\u0103cut albastre. Imediat s-a internat \u00een spital, dar de data aceasta i s-a spus c\u0103 probabil are arteriopatie obliterant\u0103. Chirurgii au \u00eenceput s\u0103 se preg\u0103teasc\u0103 pentru o angioplastie. \u201d\u00centre timp, m-au pus s\u0103 semnez un formular care le d\u0103dea permisiunea s\u0103-mi amputeze piciorul!\u201d a exclamat ea. Din fericire pentru Terry, intui\u021bia ei i-a spus c\u0103 ceva nu era chiar \u00een regul\u0103 cu aceast\u0103 situa\u021bie, a\u0219a c\u0103, \u00eempotriva recomand\u0103rilor doctorului \u0219i rug\u0103min\u021bilor fetelor ei, ea s-a externat singur\u0103 din spital \u0219i a g\u0103sit calea c\u0103tre un alt fel de doctor, unul care spera ea,\u00a0 o va asculta \u00eentr-un final.<\/p>\n<p>Dup\u0103 ce un set de analize au scos din ecua\u021bie diagnosticul de pl\u0103cuta \u00een jurul inimii, doctorii i-au dat lui Terry un nou diagnostic \u201dDegetul t\u0103u cel mare e rupt\u201d, au spus ei. \u201d\u0218i ce e \u00een neregul\u0103 cu asta?\u201d a \u00eentrebat Terry. Dup\u0103 cum avea s\u0103 se dovedeasc\u0103, multe lucruri erau \u00een neregul\u0103 cu degetul ei. Ea mai suferea \u0219i de ceea ce ceilal\u021bi doctori nu men\u021bionaser\u0103: anemie cronic\u0103..<\/p>\n<p>Anemia are loc \u00een corp \u00een momentul \u00een care nu exist\u0103 destule celule ro\u0219ii s\u0103n\u0103toase, sau atunci c\u00e2nd celulele ro\u0219ii nu au destul\u0103 hemoglobin\u0103 pentru a transporta oxigen c\u0103tre organe. Pentru b\u0103rba\u021bi, un num\u0103r de mai pu\u021bin de 14g pe decilitru este \u00eengrijor\u0103tor. Pentru femei, orice situa\u021bie sub 12g \u00eenseamn\u0103 o problem\u0103.<\/p>\n<p>\u00cen momentul \u00een care Terry s-a \u00eentors \u00een spital peste cinci zile, hemoglobina ei era la 8g. Dar tot nu era preg\u0103tit\u0103 pentru ceea ce doctorii i-au recomandat imediat: o transfuzie de s\u00e2nge. \u201dEram \u0219ocat\u0103. Nici nu m\u0103 g\u00e2ndeam c\u0103 e at\u00e2t de grav\u201d, a zis ea. \u201dDar era cu totul mult prea mult. Le-am spus c\u0103 trebuie s\u0103 m\u0103 duc acas\u0103 \u0219i s\u0103 m\u0103 g\u00e2ndesc la asta.\u201d<\/p>\n<p>Din nefericire, \u00een c\u00e2teva zile, hemoglobina ei a sc\u0103zut la nivelul 6 \u0219i ea a le\u0219inat.<\/p>\n<p>\u00centoars\u0103 la spital, Terri a primit patru transfuzii de s\u00e2nge consecutive. \u201dSe spune c\u0103 una la c\u00e2teva luni e norma obi\u0219nuit\u0103. Dar pentru mine a fost nevoie de patru pentru c\u0103 hemoglobina mea s\u0103 urce la nivelul 8,\u201d a spus Terri. Presupun\u00e2nd c\u0103 s\u00e2ngera intern, doctorii au mai ordonat un set de analize. Totul a ie\u0219it negativ.<\/p>\n<p>P\u00e2n\u0103 \u00een ianuarie hemoglobina lui Terry sc\u0103zuse din nou la 7, dar doctorii tot nu \u0219tiau ce e \u00een neregul\u0103. A\u0219a c\u0103 i-au f\u0103cut \u00eenc\u0103 o transfuzie. P\u00e2n\u0103 la urm\u0103 i-au spus c\u0103 era prea periculos s\u0103 continue s\u0103 fac\u0103 transfuzii. Aveau de g\u00e2nd s\u0103 a\u0219tepte p\u00e2n\u0103 ce hemoglobina sc\u0103dea la 6 p\u00e2n\u0103 s\u0103 \u00eei mai fac\u0103 una.<\/p>\n<p>\u201eM\u0103 jucam cu via\u021ba mea,\u201d spune Terry. M\u0103 g\u00e2ndeam c\u0103, \u00een ritmul \u0103sta, e posibil ca pur \u0219i simplu s\u0103 nu m\u0103 mai trezesc \u00eentr-o zi. \u201d Doctorii au fost de acord \u0219i chiar au sf\u0103tuit-o s\u0103-\u0219i pun\u0103 lucrurile \u00een ordine. \u201dEi tot nu \u0219tiau care era cauza bolii mele. Au sugerat chiar chimioterapia, \u00een caz c\u0103 ar fi fost vreo form\u0103 de cancer pe care nu o puteau diagnostica.\u201d<\/p>\n<p><strong>Terapia prin atingere u\u0219oar\u0103<\/strong><\/p>\n<p>C\u00e2nd Terri s-a dus acas\u0103 \u00een ziua aceea, a decis s\u0103-\u0219i ia starea s\u0103n\u0103t\u0103\u021bii \u00een propriile m\u00e2ini. A \u00eenceput prin a c\u0103uta indicii pe Internet. Ultima oar\u0103 c\u00e2nd f\u0103cuse asta, i\u0219i c\u0103utase protezele de care credea c\u0103 v\u0103 avea nevoie dup\u0103 ce piciorul ei ar fi fost amputat. Dar de data aceasta era hot\u0103r\u00e2t\u0103 s\u0103 \u201estea la calculator chiar \u0219i 24 de ore, dac\u0103 de asta era nevoie pentru a g\u0103si un leac pentru anemie.\u201d<\/p>\n<p>A \u00eenceput s\u0103 caute pe Google. Atunci a g\u0103sit un articol pe \u201eMasajul ast\u0103zi\u201d, care se numea \u201erelaxarea meridianelor pentru a anula efectele anemiei\u201d scris de Dr. Kenneth Koles (num\u0103rul din aprilie 2009). \u00cen acest articol, Koles vorbe\u0219te despre combinarea acupuncturii cu terapia CranioSacral\u0103 pentru a trata o femeie pe nume Helen, care suferea de anemie la fel ca \u0219i Terri.<\/p>\n<p>Denumirea de \u201eTerapie CranioSacral\u0103\u201d \u00eei spunea ceva lui Terri. \u201dAm o prieten\u0103 care e maseuz\u0103 \u0219i ea a fost de asemenea instruit\u0103 \u00een Terapia CranioSacral\u0103\u201d, a spus ea. A\u0219a c\u0103 a sunat-o rapid pe Laura Gomez, Ms.T. Coinciden\u021ba a f\u0103cut ca Laura s\u0103 fi citit acela\u0219i articol \u0219i imediat s-a dus la Terri pentru primul tratament.<\/p>\n<p>\u201eNu era ca nici un alt fel de masaj pe care \u00eel experimentasem\u201d, spune Terri. \u201dEra mai mult ca un fel de presopunctur\u0103 pentru mine. Era ciudat, \u00eemi amintesc de faptul c\u0103 auzeam parc\u0103 \u00een urechea dreapt\u0103 sunetul s\u00e2ngelui care curge. Parc\u0103 era oceanul.\u201d Laura a continuat s\u0103 lucreze cu Terri c\u00e2te dou\u0103 ore, revenind de c\u00e2teva ori \u00een \u0219apte zile.<\/p>\n<p>Terri s-a dus la doctor pentru a-\u0219i face din nou analize la s\u00e2nge. \u201dEram a\u0219a de deprimat\u0103. Dac\u0103 nici asta nu func\u021bionase, nu \u0219tiam ce s\u0103 mai fac. \u201d Spre surpriza ei, hemoglobina ei chiar crescuse cam la dou\u0103 zecimi dintr-un punct.\u201d Asta nu era mult, dar \u00een mod normal, sc\u0103deam cu cinci zecimi la fiecare s\u0103pt\u0103m\u00e2n\u0103. A\u0219a c\u0103 pentru mine, era o cre\u0219tere de mai mult de 7 zecimi!\u201d<\/p>\n<p>Optimist\u0103 pentru prima dat\u0103 \u00een luni de zile, Terri a mai primit dou\u0103 \u0219edin\u021be de tratament CranioSacral \u00een urm\u0103toarea s\u0103pt\u0103m\u00e2n\u0103. Urm\u0103toarele analize de s\u00e2nge au fost \u0219i mai promi\u021b\u0103toare. Crescuse p\u00e2n\u0103 la 9.3. \u201dCrescuse p\u00e2n\u0103 la \u0219ase zecimi dintr-un punct! Iar nivelul fierului din s\u00e2nge crescuse cu un gram \u00eentreg, \u0219i nu m\u00e2ncam spanac sau alte alimente de genul acesta. Tocmai \u00eencepusem s\u0103 iau pastile pentru fier, dar doctorul \u00eemi spusese c\u0103 acestea \u00ee\u0219i vor face treaba abia \u00een c\u00e2teva luni.\u201d<\/p>\n<p>\u201eDoctorul meu mi-a zis c\u0103 e un miracol,\u201d a spus Terri. \u0218i c\u00e2nd ea i-a spus despre Terapia CranioSacral\u0103, el a comentat \u201dPresupun c\u0103 orice e posibil. \u201d Din fericire pentru Terry, cu ajutorul terapiei interactive, el avea dreptate.<\/p>\n<p><em>John Upledger<\/em>, DO, OMM<\/p>\n<p>[\/et_pb_text][\/et_pb_column][\/et_pb_row][\/et_pb_section]<\/p>\n","protected":false},"excerpt":{"rendered":"<p>Terri, o femeie de 62 de ani cu o s\u0103n\u0103tate \u00een limitele normalului, caut\u0103 recent ajutor pe Internet, c\u00e2nd a dat peste un articol al site-ului \u201eMasajul ast\u0103zi\u201d, despre care ea spune c\u0103 \u201epractic mi-a salvat via\u021ba\u201d. Suferea de o anemie cronic\u0103 pe care doctorii de la dou\u0103 spitale diferite nu o puteau explica. S\u0103n\u0103tatea [&hellip;]<\/p>\n","protected":false},"author":1,"featured_media":0,"parent":0,"menu_order":0,"comment_status":"closed","ping_status":"closed","template":"","meta":{"_et_pb_use_builder":"on","_et_pb_old_content":"<!-- wp:divi\/placeholder \/-->","_et_gb_content_width":"","footnotes":""},"class_list":["post-339","page","type-page","status-publish","hentry"],"_links":{"self":[{"href":"https:\/\/craniosacral.ro\/w\/wp-json\/wp\/v2\/pages\/339","targetHints":{"allow":["GET"]}}],"collection":[{"href":"https:\/\/craniosacral.ro\/w\/wp-json\/wp\/v2\/pages"}],"about":[{"href":"https:\/\/craniosacral.ro\/w\/wp-json\/wp\/v2\/types\/page"}],"author":[{"embeddable":true,"href":"https:\/\/craniosacral.ro\/w\/wp-json\/wp\/v2\/users\/1"}],"replies":[{"embeddable":true,"href":"https:\/\/craniosacral.ro\/w\/wp-json\/wp\/v2\/comments?post=339"}],"version-history":[{"count":0,"href":"https:\/\/craniosacral.ro\/w\/wp-json\/wp\/v2\/pages\/339\/revisions"}],"wp:attachment":[{"href":"https:\/\/craniosacral.ro\/w\/wp-json\/wp\/v2\/media?parent=339"}],"curies":[{"name":"wp","href":"https:\/\/api.w.org\/{rel}","templated":true}]}}