{"id":198,"date":"2021-02-23T09:17:15","date_gmt":"2021-02-23T07:17:15","guid":{"rendered":"http:\/\/craniosacral.ro\/w\/?page_id=198"},"modified":"2021-02-23T12:22:33","modified_gmt":"2021-02-23T10:22:33","slug":"tbs1-cursul-the-brain-speaks-nivel-1","status":"publish","type":"page","link":"https:\/\/craniosacral.ro\/w\/tbs1-cursul-the-brain-speaks-nivel-1\/","title":{"rendered":"TBS1 \u2013 Cursul \u201cThe Brain Speaks\u201d, nivel 1"},"content":{"rendered":"<p>[et_pb_section fb_built=&#8221;1&#8243; _builder_version=&#8221;4.9.0&#8243; _module_preset=&#8221;default&#8221;][et_pb_row _builder_version=&#8221;4.9.0&#8243; _module_preset=&#8221;default&#8221;][et_pb_column type=&#8221;4_4&#8243; _builder_version=&#8221;4.9.0&#8243; _module_preset=&#8221;default&#8221;][et_pb_text _builder_version=&#8221;4.9.0&#8243; _module_preset=&#8221;default&#8221; hover_enabled=&#8221;0&#8243; sticky_enabled=&#8221;0&#8243;]<\/p>\n<h2 class=\"et_pb_module_header\">TBS1 \u2013 Cursul \u201cThe Brain Speaks\u201d, nivel 1<\/h2>\n<p>[\/et_pb_text][et_pb_divider _builder_version=&#8221;4.9.0&#8243; _module_preset=&#8221;default&#8221;][\/et_pb_divider][et_pb_text _builder_version=&#8221;4.9.0&#8243; _module_preset=&#8221;default&#8221; hover_enabled=&#8221;0&#8243; sticky_enabled=&#8221;0&#8243;]<\/p>\n<p><span>Acest curs este disponibil numai pentru persoanele care au participat <\/span><span class=\"word\" data-words=\"la,l\u0103\">la<\/span><span> cursul Eliberare SomatoEmo\u021bional\u0103 1.<\/span><\/p>\n<p><span> <\/span><span class=\"word\" data-words=\"\u00cen,In\">\u00cen<\/span><span> cele 4 zile de curs <\/span><span class=\"word\" data-words=\"ve\u021bi,veti\">ve\u021bi<\/span><span> <\/span><span class=\"word\" data-words=\"aprofund\u0103,aprofunda\">aprofunda<\/span><span> utilizarea tuturor tehnicilor <\/span><span class=\"word\" data-words=\"\u0219i,si\">\u0219i<\/span><span> paradigmelor terapiei CranioSacrale, inclusiv palparea <\/span><span class=\"word modified\" data-words=\"direct\u0103,directa\">direct\u0103<\/span><span>, toate tehnicile de evaluare a <\/span><span class=\"word\" data-words=\"\u00eentregului,intregului\">\u00eentregului<\/span><span> corp, tehnicile terapeutice de <\/span><span class=\"word\" data-words=\"imagina\u021bie,imaginatie\">imagina\u021bie<\/span><span> <\/span><span class=\"word\" data-words=\"\u0219i,si\">\u0219i<\/span><span> dialog, tehnici de a <\/span><span class=\"word\" data-words=\"explor\u0103,explora\">explora<\/span><span> <\/span><span class=\"word\" data-words=\"\u0219i,si\">\u0219i<\/span><span> de a <\/span><span class=\"word\" data-words=\"lucr\u0103,lucra\">lucra<\/span><span> direct cu creierul. <\/span><\/p>\n<p><span>TBS1 este un curs de prezentare a creierului, care <\/span><span class=\"word\" data-words=\"introduce,\u00eentroduce\">introduce<\/span><span> <\/span><span class=\"word\" data-words=\"rela\u021bionarea,relationarea\">rela\u021bionarea<\/span><span> cu creierul <\/span><span class=\"word\" data-words=\"\u0219i,si\">\u0219i<\/span><span> <\/span><span class=\"word\" data-words=\"\u00eenva\u021b\u0103,\u00eenv\u0103\u021ba,\u00eenv\u0103\u021b\u0103,invata\">\u00eenva\u021b\u0103<\/span><span> <\/span><span class=\"word\" data-words=\"cursan\u021bii,cursantii\">cursan\u021bii<\/span><span> <\/span><span class=\"word\" data-words=\"s\u0103,sa,\u0219a\">s\u0103<\/span><span> lucreze terapeutic cu creierul <\/span><span class=\"word\" data-words=\"\u0219i,si\">\u0219i<\/span><span> cu <\/span><span class=\"word\" data-words=\"p\u0103r\u021bile,p\u00e2r\u021bile,partile\">p\u0103r\u021bile<\/span><span> <\/span><span class=\"word\" data-words=\"sale,\u0219ale\">sale<\/span><span>. <\/span><\/p>\n<p><strong><span class=\"word\" data-words=\"P\u00e2n\u0103,Pan\u0103,Pana,P\u0103na,P\u0103n\u0103\">P\u00e2n\u0103<\/span> <span class=\"word\" data-words=\"la,l\u0103\">la<\/span> <span class=\"word\" data-words=\"sf\u00e2r\u0219itul,sfarsitul\">sf\u00e2r\u0219itul<\/span> acestui curs <span class=\"word\" data-words=\"ve\u021bi,veti\">ve\u021bi<\/span><\/strong><span><strong>:<\/strong><\/span><\/p>\n<p><span> \u2022 primi <\/span><span class=\"word\" data-words=\"instruc\u021biuni,instructiuni\">instruc\u021biuni<\/span><span> detaliate <\/span><span class=\"word\" data-words=\"\u00een,in\">\u00een<\/span><span> neuroanatomie, fiziologie <\/span><span class=\"word\" data-words=\"\u0219i,si\">\u0219i<\/span><span> procese biochimice ale <\/span><span class=\"word\" data-words=\"func\u021biei,functiei\">func\u021biei<\/span><span> neurologice;<\/span><\/p>\n<p><span> \u2022 <\/span><span class=\"word modified\" data-words=\"\u00eenva\u021b\u0103,\u00eenv\u0103\u021ba,\u00eenv\u0103\u021b\u0103,invata\">\u00eenv\u0103\u021ba<\/span><span> <\/span><span class=\"word\" data-words=\"s\u0103,sa,\u0219a\">s\u0103<\/span><span> <\/span><span class=\"word\" data-words=\"palpa\u021bi,palpati\">palpa\u021bi<\/span><span> aceste <\/span><span class=\"word modified\" data-words=\"parti,par\u021bi,p\u0103rti,p\u0103r\u021bi,p\u00e2r\u021bi\">p\u0103r\u021bi<\/span><span> ale creierului <\/span><span class=\"word\" data-words=\"\u0219i,si\">\u0219i<\/span><span> <\/span><span class=\"word\" data-words=\"s\u0103,sa,\u0219a\">s\u0103<\/span><span> <\/span><span class=\"word\" data-words=\"recunoa\u0219te\u021bi,recunoasteti\">recunoa\u0219te\u021bi<\/span><span> <\/span><span class=\"word\" data-words=\"disfunc\u021biile,disfunctiile\">disfunc\u021biile<\/span><span>, prin <\/span><span class=\"word\" data-words=\"palpare,p\u00e2lp\u0103re\">palpare<\/span><span> <\/span><span class=\"word modified\" data-words=\"direct\u0103,directa\">direct\u0103<\/span><span>;<\/span><\/p>\n<p><span> \u2022 <\/span><span class=\"word\" data-words=\"lucr\u0103,lucra\">lucra<\/span><span> folosind palparea <\/span><span class=\"word\" data-words=\"\u0219i,si\">\u0219i<\/span><span> <\/span><span class=\"word\" data-words=\"interven\u021biile,interventiile\">interven\u021biile<\/span><span> terapeutice pentru a <\/span><span class=\"word\" data-words=\"abord\u0103,aborda\">aborda<\/span><span> aceste <\/span><span class=\"word\" data-words=\"disfunc\u021bii,disfunctii\">disfunc\u021bii<\/span><span>;<\/span><\/p>\n<p><span> \u2022 folosi Imagini terapeutice <\/span><span class=\"word\" data-words=\"\u0219i,si\">\u0219i<\/span><span> Dialog, atunci <\/span><span class=\"word\" data-words=\"c\u00e2nd,cand\">c\u00e2nd<\/span><span> este cazul, pentru un dialog direct cu <\/span><span class=\"word\" data-words=\"p\u0103r\u021bile,p\u00e2r\u021bile,partile\">p\u0103r\u021bile<\/span><span> afectale ale creierului, <\/span><span class=\"word\" data-words=\"\u00een,in\">\u00een<\/span><span> scopul <\/span><span class=\"word\" data-words=\"ajut\u0103rii,ajutarii\">ajut\u0103rii<\/span><span> <\/span><span class=\"word\" data-words=\"\u00een,in\">\u00een<\/span><span> procesul terapeutic.<\/span><\/p>\n<p>[\/et_pb_text][\/et_pb_column][\/et_pb_row][\/et_pb_section]<\/p>\n","protected":false},"excerpt":{"rendered":"<p>TBS1 \u2013 Cursul \u201cThe Brain Speaks\u201d, nivel 1Acest curs este disponibil numai pentru persoanele care au participat la cursul Eliberare SomatoEmo\u021bional\u0103 1. \u00cen cele 4 zile de curs ve\u021bi aprofunda utilizarea tuturor tehnicilor \u0219i paradigmelor terapiei CranioSacrale, inclusiv palparea direct\u0103, toate tehnicile de evaluare a \u00eentregului corp, tehnicile terapeutice de imagina\u021bie \u0219i dialog, tehnici de [&hellip;]<\/p>\n","protected":false},"author":1,"featured_media":0,"parent":0,"menu_order":0,"comment_status":"closed","ping_status":"closed","template":"","meta":{"_et_pb_use_builder":"on","_et_pb_old_content":"<!-- wp:divi\/placeholder \/-->","_et_gb_content_width":"","footnotes":""},"class_list":["post-198","page","type-page","status-publish","hentry"],"_links":{"self":[{"href":"https:\/\/craniosacral.ro\/w\/wp-json\/wp\/v2\/pages\/198","targetHints":{"allow":["GET"]}}],"collection":[{"href":"https:\/\/craniosacral.ro\/w\/wp-json\/wp\/v2\/pages"}],"about":[{"href":"https:\/\/craniosacral.ro\/w\/wp-json\/wp\/v2\/types\/page"}],"author":[{"embeddable":true,"href":"https:\/\/craniosacral.ro\/w\/wp-json\/wp\/v2\/users\/1"}],"replies":[{"embeddable":true,"href":"https:\/\/craniosacral.ro\/w\/wp-json\/wp\/v2\/comments?post=198"}],"version-history":[{"count":0,"href":"https:\/\/craniosacral.ro\/w\/wp-json\/wp\/v2\/pages\/198\/revisions"}],"wp:attachment":[{"href":"https:\/\/craniosacral.ro\/w\/wp-json\/wp\/v2\/media?parent=198"}],"curies":[{"name":"wp","href":"https:\/\/api.w.org\/{rel}","templated":true}]}}