{"id":196,"date":"2021-02-23T09:16:50","date_gmt":"2021-02-23T07:16:50","guid":{"rendered":"http:\/\/craniosacral.ro\/w\/?page_id=196"},"modified":"2021-02-23T12:36:51","modified_gmt":"2021-02-23T10:36:51","slug":"ccpb1-curs-terapia-craniosacrala-aplicata-pentru-conceptie-perioada-de-sarcina-si-nastere-nivel-1","status":"publish","type":"page","link":"https:\/\/craniosacral.ro\/w\/ccpb1-curs-terapia-craniosacrala-aplicata-pentru-conceptie-perioada-de-sarcina-si-nastere-nivel-1\/","title":{"rendered":"CCPB1 \u2013 Curs Terapia CranioSacral\u0103 Aplicat\u0103 pentru Concep\u021bie, Perioada de sarcin\u0103 \u0219i Na\u0219tere, nivel 1"},"content":{"rendered":"<p>[et_pb_section fb_built=&#8221;1&#8243; _builder_version=&#8221;4.9.0&#8243; _module_preset=&#8221;default&#8221;][et_pb_row _builder_version=&#8221;4.9.0&#8243; _module_preset=&#8221;default&#8221;][et_pb_column type=&#8221;4_4&#8243; _builder_version=&#8221;4.9.0&#8243; _module_preset=&#8221;default&#8221;][et_pb_text _builder_version=&#8221;4.9.0&#8243; _module_preset=&#8221;default&#8221; hover_enabled=&#8221;0&#8243; sticky_enabled=&#8221;0&#8243;]<\/p>\n<h2 class=\"et_pb_module_header\">CCPB1 \u2013 Curs Terapia CranioSacral\u0103 Aplicat\u0103 pentru Concep\u021bie, Perioada de sarcin\u0103 \u0219i Na\u0219tere, nivel 1<\/h2>\n<p>[\/et_pb_text][et_pb_divider _builder_version=&#8221;4.9.0&#8243; _module_preset=&#8221;default&#8221;][\/et_pb_divider][et_pb_text _builder_version=&#8221;4.9.0&#8243; _module_preset=&#8221;default&#8221; hover_enabled=&#8221;0&#8243; sticky_enabled=&#8221;0&#8243;]<\/p>\n<p><span>Acest curs este disponibil numai pentru persoanele care au participat cel <\/span><span class=\"word\" data-words=\"pu\u021bin,putin\">pu\u021bin<\/span><span> <\/span><span class=\"word\" data-words=\"la,l\u0103\">la<\/span><span> cursul Eliberare SomatoEmo\u021bional\u0103 1 (SER1). Participarea <\/span><span class=\"word modified\" data-words=\"anterioar\u0103,anterioara\">anterioar\u0103<\/span><span> <\/span><span class=\"word\" data-words=\"la,l\u0103\">la<\/span><span> cursul CSP1 (Terapia CranioSacral\u0103 <\/span><span class=\"word modified\" data-words=\"Aplicat\u0103,Aplicata\">Aplicat\u0103<\/span><span> <\/span><span class=\"word\" data-words=\"\u00een,in\">\u00een<\/span><span> Pediatrie, nivel 1) este un avantaj.<\/span><\/p>\n<p><span> <\/span><span class=\"word\" data-words=\"\u00cen,In\">\u00cen<\/span><span> cele 4 zile de curs <\/span><span class=\"word\" data-words=\"ve\u021bi,veti\">ve\u021bi<\/span><span> <\/span><span class=\"word modified\" data-words=\"\u00eenva\u021b\u0103,\u00eenv\u0103\u021ba,\u00eenv\u0103\u021b\u0103,invata\">\u00eenv\u0103\u021ba<\/span><span> cum <\/span><span class=\"word\" data-words=\"s\u0103,sa,\u0219a\">s\u0103<\/span><span> <\/span><span class=\"word modified\" data-words=\"incorpora\u021bi,\u00eencorpora\u021bi,incorporati\">\u00eencorpora\u021bi<\/span><span> <\/span><span class=\"word\" data-words=\"cuno\u0219tin\u021bele,cunostintele\">cuno\u0219tin\u021bele<\/span><span> <\/span><span class=\"word\" data-words=\"\u00een,in\">\u00een<\/span><span> tehnicile Terapiei CranioSacral\u0103 <\/span><span class=\"word\" data-words=\"\u0219i,si\">\u0219i<\/span><span> Eliberare SomatoEmo\u021bional\u0103 <\/span><span class=\"word\" data-words=\"\u00een,in\">\u00een<\/span><span> procesul de <\/span><span class=\"word\" data-words=\"na\u0219tere,nastere\">na\u0219tere<\/span><span>, <\/span><span class=\"word modified\" data-words=\"v\u0103,va\">va<\/span><span> fi nu numai un ajutor pentru viitoarele mame, ci <\/span><span class=\"word\" data-words=\"ve\u021bi,veti\">ve\u021bi<\/span><span> avea posibilitatea de a <\/span><span class=\"word\" data-words=\"da,d\u0103\">da<\/span><span> nou-<\/span><span class=\"word\" data-words=\"n\u0103scu\u021bilor,nascutilor\">n\u0103scu\u021bilor<\/span><span> oportunitatea de a <\/span><span class=\"word\" data-words=\"\u00eencepe,incepe\">\u00eencepe<\/span><span> o <\/span><span class=\"word\" data-words=\"via\u021b\u0103,via\u021ba,viata\">via\u021b\u0103<\/span><span> <\/span><span class=\"word modified\" data-words=\"liber\u0103,libera\">liber\u0103<\/span><span> de <\/span><span class=\"word\" data-words=\"restric\u021bii,restrictii\">restric\u021bii<\/span><span> <\/span><span class=\"word\" data-words=\"\u0219i,si\">\u0219i<\/span><span> de a-l <\/span><span class=\"word\" data-words=\"preg\u0103ti,pregati\">preg\u0103ti<\/span><span> pentru a <\/span><span class=\"word modified\" data-words=\"creste,cre\u0219te\">cre\u0219te<\/span><span> <\/span><span class=\"word modified\" data-words=\"far\u0103,f\u0103r\u0103,fara\">f\u0103r\u0103<\/span><span> <\/span><span class=\"word\" data-words=\"disfunc\u021bii,disfunctii\">disfunc\u021bii<\/span><span>.<\/span><\/p>\n<p><span> <\/span><strong><span class=\"word\" data-words=\"P\u00e2n\u0103,Pan\u0103,Pana,P\u0103na,P\u0103n\u0103\">P\u00e2n\u0103<\/span> <span class=\"word\" data-words=\"la,l\u0103\">la<\/span> <span class=\"word\" data-words=\"sf\u00e2r\u0219itul,sfarsitul\">sf\u00e2r\u0219itul<\/span> acestui curs <span class=\"word\" data-words=\"ve\u021bi,veti\">ve\u021bi<\/span> <span class=\"word modified\" data-words=\"\u00eenva\u021b\u0103,\u00eenv\u0103\u021ba,\u00eenv\u0103\u021b\u0103,invata\">\u00eenv\u0103\u021ba<\/span><\/strong><span><strong>:<\/strong><\/span><\/p>\n<p><span> \u2022 Se <\/span><span class=\"word modified\" data-words=\"v\u0103,va\">va<\/span><span> <\/span><span class=\"word\" data-words=\"explor\u0103,explora\">explora<\/span><span> un nou mod de a <\/span><span class=\"word\" data-words=\"utiliz\u0103,utiliza\">utiliza<\/span><span> CST de-a lungul celor trei trimestre de <\/span><span class=\"word modified\" data-words=\"sarcina,sarcin\u0103,s\u0103rcina\">sarcin\u0103<\/span><span> pentru femeile gravide<\/span><\/p>\n<p><span> \u2022 <\/span><span class=\"word\" data-words=\"Ve\u021bi,Veti\">Ve\u021bi<\/span><span> <\/span><span class=\"word modified\" data-words=\"\u00eenva\u021b\u0103,\u00eenv\u0103\u021ba,\u00eenv\u0103\u021b\u0103,invata\">\u00eenv\u0103\u021ba<\/span><span> cum se <\/span><span class=\"word\" data-words=\"palpeaz\u0103,palpeaza\">palpeaz\u0103<\/span><span> <\/span><span class=\"word modified\" data-words=\"doua,dou\u0103\">dou\u0103<\/span><span> ritmuri craniosacrale: cel <\/span><span class=\"word\" data-words=\"al,\u0103l\">al<\/span><span> mamei <\/span><span class=\"word\" data-words=\"\u0219i,si\">\u0219i<\/span><span> cel <\/span><span class=\"word\" data-words=\"al,\u0103l\">al<\/span><span> <\/span><span class=\"word\" data-words=\"f\u0103tului,fatului\">f\u0103tului<\/span><\/p>\n<p><span> \u2022 <\/span><span class=\"word\" data-words=\"Ve\u021bi,Veti\">Ve\u021bi<\/span><span> <\/span><span class=\"word\" data-words=\"practic\u0103,practica\">practica<\/span><span> tehnici specifice pentru a creea ambientul cel <\/span><span class=\"word\" data-words=\"mai,m\u0103i,m\u00e2i\">mai<\/span><span> bun posibil pentru <\/span><span class=\"word\" data-words=\"gesta\u021bie,gestatie\">gesta\u021bie<\/span><span>, travaliu <\/span><span class=\"word\" data-words=\"\u0219i,si\">\u0219i<\/span><span> <\/span><span class=\"word\" data-words=\"na\u0219tere,nastere\">na\u0219tere<\/span><\/p>\n<p><span> \u2022 <\/span><span class=\"word\" data-words=\"\u00cen\u021belegerea,Intelegerea\">\u00cen\u021belegerea<\/span><span> <\/span><span class=\"word\" data-words=\"\u0219i,si\">\u0219i<\/span><span> aprofundarea anatomiei prin palparea pe nivele diferite de profunzime.<\/span><\/p>\n<p><span> \u2022 <\/span><span class=\"word\" data-words=\"Ve\u021bi,Veti\">Ve\u021bi<\/span><span> <\/span><span class=\"word modified\" data-words=\"\u00eenva\u021b\u0103,\u00eenv\u0103\u021ba,\u00eenv\u0103\u021b\u0103,invata\">\u00eenv\u0103\u021ba<\/span><span> <\/span><span class=\"word\" data-words=\"s\u0103,sa,\u0219a\">s\u0103<\/span><span> <\/span><span class=\"word\" data-words=\"lucra\u021bi,lucrati\">lucra\u021bi<\/span><span> cu cuplul (cu ambii parteneri) care <\/span><span class=\"word\" data-words=\"dore\u0219te,doreste\">doresc<\/span><span> <\/span><span class=\"word\" data-words=\"s\u0103,sa,\u0219a\">s\u0103<\/span><span> <\/span><span class=\"word\" data-words=\"conceap\u0103,conceapa\">conceap\u0103<\/span><span> un copil, <\/span><span class=\"word\" data-words=\"utiliz\u00e2nd,utilizand\">utiliz\u00e2nd<\/span><span> tehnici CST <\/span><span class=\"word\" data-words=\"\u0219i,si\">\u0219i<\/span><span> SER<\/span><\/p>\n<p><span> \u2022 <\/span><span class=\"word\" data-words=\"Ve\u021bi,Veti\">Ve\u021bi<\/span><span> <\/span><span class=\"word modified\" data-words=\"\u00eenva\u021b\u0103,\u00eenv\u0103\u021ba,\u00eenv\u0103\u021b\u0103,invata\">\u00eenv\u0103\u021ba<\/span><span> <\/span><span class=\"word modified\" data-words=\"doua,dou\u0103\">dou\u0103<\/span><span> <\/span><span class=\"word\" data-words=\"modalit\u0103\u021bi,modalitati\">modalit\u0103\u021bi<\/span><span> de protocol de lucru, unul pentru <\/span><span class=\"word\" data-words=\"mama,mam\u0103\">mama<\/span><span> <\/span><span class=\"word\" data-words=\"\u0219i,si\">\u0219i<\/span><span> altul pentru nou-<\/span><span class=\"word\" data-words=\"n\u0103scut,nascut\">n\u0103scut<\/span><\/p>\n<p><span> \u2022 <\/span><span class=\"word\" data-words=\"La,L\u0103\">La<\/span><span> acest curs, <\/span><span class=\"word\" data-words=\"\u00een,in\">\u00een<\/span><span> a treia <\/span><span class=\"word\" data-words=\"\u0219i,si\">\u0219i<\/span><span> a <\/span><span class=\"word\" data-words=\"patra,p\u0103tra\">patra<\/span><span> zi vom <\/span><span class=\"word\" data-words=\"lucr\u0103,lucra\">lucra<\/span><span> cu femei gravide <\/span><span class=\"word\" data-words=\"\u00een,in\">\u00een<\/span><span> <\/span><span class=\"word\" data-words=\"al,\u0103l\">al<\/span><span> doilea <\/span><span class=\"word\" data-words=\"\u0219i,si\">\u0219i<\/span><span> <\/span><span class=\"word\" data-words=\"al,\u0103l\">al<\/span><span> treilea trimestru de <\/span><span class=\"word modified\" data-words=\"sarcina,sarcin\u0103,s\u0103rcina\">sarcin\u0103<\/span><span> <\/span><span class=\"word\" data-words=\"\u0219i,si\">\u0219i<\/span><span> cu nou-<\/span><span class=\"word\" data-words=\"n\u0103scu\u021bi,nascuti\">n\u0103scu\u021bi<\/span><span> <\/span><span class=\"word\" data-words=\"mai,m\u0103i,m\u00e2i\">mai<\/span><span> mici de 6 luni.<\/span><\/p>\n<p>[\/et_pb_text][\/et_pb_column][\/et_pb_row][\/et_pb_section]<\/p>\n","protected":false},"excerpt":{"rendered":"<p>CCPB1 \u2013 Curs Terapia CranioSacral\u0103 Aplicat\u0103 pentru Concep\u021bie, Perioada de sarcin\u0103 \u0219i Na\u0219tere, nivel 1Acest curs este disponibil numai pentru persoanele care au participat cel pu\u021bin la cursul Eliberare SomatoEmo\u021bional\u0103 1 (SER1). Participarea anterioar\u0103 la cursul CSP1 (Terapia CranioSacral\u0103 Aplicat\u0103 \u00een Pediatrie, nivel 1) este un avantaj. \u00cen cele 4 zile de curs ve\u021bi \u00eenv\u0103\u021ba [&hellip;]<\/p>\n","protected":false},"author":1,"featured_media":0,"parent":0,"menu_order":0,"comment_status":"closed","ping_status":"closed","template":"","meta":{"_et_pb_use_builder":"on","_et_pb_old_content":"","_et_gb_content_width":"","footnotes":""},"class_list":["post-196","page","type-page","status-publish","hentry"],"_links":{"self":[{"href":"https:\/\/craniosacral.ro\/w\/wp-json\/wp\/v2\/pages\/196","targetHints":{"allow":["GET"]}}],"collection":[{"href":"https:\/\/craniosacral.ro\/w\/wp-json\/wp\/v2\/pages"}],"about":[{"href":"https:\/\/craniosacral.ro\/w\/wp-json\/wp\/v2\/types\/page"}],"author":[{"embeddable":true,"href":"https:\/\/craniosacral.ro\/w\/wp-json\/wp\/v2\/users\/1"}],"replies":[{"embeddable":true,"href":"https:\/\/craniosacral.ro\/w\/wp-json\/wp\/v2\/comments?post=196"}],"version-history":[{"count":0,"href":"https:\/\/craniosacral.ro\/w\/wp-json\/wp\/v2\/pages\/196\/revisions"}],"wp:attachment":[{"href":"https:\/\/craniosacral.ro\/w\/wp-json\/wp\/v2\/media?parent=196"}],"curies":[{"name":"wp","href":"https:\/\/api.w.org\/{rel}","templated":true}]}}