{"id":182,"date":"2021-02-23T09:14:29","date_gmt":"2021-02-23T07:14:29","guid":{"rendered":"http:\/\/craniosacral.ro\/w\/?page_id=182"},"modified":"2021-02-23T12:37:13","modified_gmt":"2021-02-23T10:37:13","slug":"cst2-curs-terapie-craniosacrala-nivel-2","status":"publish","type":"page","link":"https:\/\/craniosacral.ro\/w\/cst2-curs-terapie-craniosacrala-nivel-2\/","title":{"rendered":"CST2 \u2013 Curs Terapie CranioSacral\u0103, nivel 2"},"content":{"rendered":"<p>[et_pb_section fb_built=&#8221;1&#8243; _builder_version=&#8221;4.9.0&#8243; _module_preset=&#8221;default&#8221;][et_pb_row _builder_version=&#8221;4.9.0&#8243; _module_preset=&#8221;default&#8221;][et_pb_column type=&#8221;4_4&#8243; _builder_version=&#8221;4.9.0&#8243; _module_preset=&#8221;default&#8221;][et_pb_text _builder_version=&#8221;4.9.0&#8243; _module_preset=&#8221;default&#8221; hover_enabled=&#8221;0&#8243; sticky_enabled=&#8221;0&#8243;]<\/p>\n<h2 class=\"et_pb_module_header\">CST2 \u2013 Curs Terapie CranioSacral\u0103, nivel 2<\/h2>\n<p>[\/et_pb_text][et_pb_divider _builder_version=&#8221;4.9.0&#8243; _module_preset=&#8221;default&#8221;][\/et_pb_divider][et_pb_text _builder_version=&#8221;4.9.0&#8243; _module_preset=&#8221;default&#8221; hover_enabled=&#8221;0&#8243; sticky_enabled=&#8221;0&#8243;]<\/p>\n<p><span>Cursul CST2 este recomandat celor care au utilizat tehnicile <\/span><span class=\"word\" data-words=\"\u00eenv\u0103\u021bate,invatate\">\u00eenv\u0103\u021bate<\/span><span> <\/span><span class=\"word\" data-words=\"la,l\u0103\">la<\/span><span> cursul CST1 <\/span><span class=\"word\" data-words=\"\u0219i,si\">\u0219i<\/span><span> au devenit <\/span><span class=\"word\" data-words=\"deja,dej\u0103\">deja<\/span><span> <\/span><span class=\"word\" data-words=\"convin\u0219i,convinsi\">convin\u0219i<\/span><span> de beneficiile tehnicilor <\/span><span class=\"word\" data-words=\"bl\u00e2nde,blande\">bl\u00e2nde<\/span><span> dar extrem de <\/span><span class=\"word\" data-words=\"eficiente,eficien\u021be\">eficiente<\/span><span> din terapia CranioSacral\u0103, <\/span><span class=\"word\" data-words=\"\u0219i,si\">\u0219i<\/span><span> vor <\/span><span class=\"word\" data-words=\"s\u0103,sa,\u0219a\">s\u0103<\/span><span> aprofundeze <\/span><span class=\"word\" data-words=\"cunoa\u0219terea,cunoasterea\">cunoa\u0219terea<\/span><span> <\/span><span class=\"word\" data-words=\"\u0219i,si\">\u0219i<\/span><span> cercetarea, cu <\/span><span class=\"word\" data-words=\"inten\u021bia,intentia\">inten\u021bia<\/span><span> de a ajunge <\/span><span class=\"word\" data-words=\"la,l\u0103\">la<\/span><span> practicarea <\/span><span class=\"word\" data-words=\"\u00een,in\">\u00een<\/span><span> mod profesional.<\/span><\/p>\n<p><span> <\/span><span class=\"word\" data-words=\"\u00cen,In\">\u00cen<\/span><span> cele 4 zile de curs <\/span><span class=\"word\" data-words=\"ve\u021bi,veti\">ve\u021bi<\/span><span> <\/span><span class=\"word\" data-words=\"aprofund\u0103,aprofunda\">aprofunda<\/span><span> <\/span><span class=\"word\" data-words=\"cuno\u0219tin\u021bele,cunostintele\">cuno\u0219tin\u021bele<\/span><span> <\/span><span class=\"word\" data-words=\"\u00een,in\">\u00een<\/span><span> tehnicile terapiei Craniosacral\u0103, materialul de curs <\/span><span class=\"word\" data-words=\"\u0219i,si\">\u0219i<\/span><span> sesiunile practice se vor <\/span><span class=\"word\" data-words=\"axa,ax\u0103\">axa<\/span><span> pe:<\/span><\/p>\n<p><span> \u2022 <\/span><span class=\"word\" data-words=\"disfunc\u021biile,disfunctiile\">disfunc\u021biile<\/span><span> <\/span><span class=\"word\" data-words=\"bazei,b\u00e2zei\">bazei<\/span><span> craniene, sfenobazilare, <\/span><span class=\"word\" data-words=\"a\u0219a,asa\">a\u0219a<\/span><span> cum Dr. William Sutherland \u2013 <\/span><span class=\"word\" data-words=\"tat\u0103l,tatal\">tat\u0103l<\/span><span> osteopatiei craniene, le-a diagnosticat <\/span><span class=\"word\" data-words=\"\u0219i,si\">\u0219i<\/span><span> tratat;<\/span><\/p>\n<p><span> \u2022 evaluarea <\/span><span class=\"word\" data-words=\"\u0219i,si\">\u0219i<\/span><span> tratarea <\/span><span class=\"word\" data-words=\"disfunc\u021biilor,disfunctiilor\">disfunc\u021biilor<\/span><span> <\/span><span class=\"word\" data-words=\"bazei,b\u00e2zei\">bazei<\/span><span>-craniene;<\/span><\/p>\n<p><span> \u2022 sistemul masticatoriu \u2013 <\/span><span class=\"word\" data-words=\"bolt\u0103,bolta\">bolta<\/span><span> <\/span><span class=\"word modified\" data-words=\"palatin\u0103,palatina\">palatin\u0103<\/span><span>, <\/span><span class=\"word\" data-words=\"mandibul\u0103,mandibula\">mandibula<\/span><span> <\/span><span class=\"word\" data-words=\"\u0219i,si\">\u0219i<\/span><span> <\/span><span class=\"word\" data-words=\"articula\u021bia,articulatia\">articula\u021bia<\/span><span> temporomandibular\u0103;<\/span><\/p>\n<p><span> \u2022 <\/span><span class=\"word\" data-words=\"\u00eembun\u0103t\u0103\u021birea,imbunatatirea\">\u00eembun\u0103t\u0103\u021birea<\/span><span> tehnicilor de evaluare a <\/span><span class=\"word\" data-words=\"\u00eentregului,intregului\">\u00eentregului<\/span><span> corp, <\/span><span class=\"word modified\" data-words=\"bazat\u0103,bazata\">bazat\u0103<\/span><span> pe fenomenele fiziologice <\/span><span class=\"word\" data-words=\"prezente,prezen\u021be\">prezente<\/span><span>;<\/span><\/p>\n<p><span> \u2022 eliminarea chisturilor de energie prin aplicarea tehnicilor de eliberare fascial\u0103 <\/span><span class=\"word modified\" data-words=\"regional\u0103,regionala\">regional\u0103<\/span><span>;<\/span><\/p>\n<p><span> \u2022 integrarea tehnicilor lui Sutherland <\/span><span class=\"word\" data-words=\"\u00een,in\">\u00een<\/span><span> protocolul <\/span><span class=\"word\" data-words=\"\u00een,in\">\u00een<\/span><span> 10 <\/span><span class=\"word modified\" data-words=\"pasi,pa\u0219i,p\u0103\u0219i,p\u00e2\u0219i\">pa\u0219i<\/span><span>;<\/span><\/p>\n<p><span> \u2022 explorarea conceptului de Eliberare SomatoEmotional\u0103\u00a0<\/span><span class=\"word\" data-words=\"\u0219i,si\">\u0219i<\/span><span> a chisturilor de energie;<\/span><\/p>\n<p><span> \u2022 observarea <\/span><span class=\"word\" data-words=\"\u0219i,si\">\u0219i<\/span><span> participarea <\/span><span class=\"word\" data-words=\"la,l\u0103\">la<\/span><span> <\/span><span class=\"word\" data-words=\"demonstra\u021bii,demonstratii\">demonstra\u021bii<\/span><span> practice.<\/span><\/p>\n<p><span> <\/span><strong><span class=\"word\" data-words=\"Condi\u021bii,Conditii\">Condi\u021bii<\/span><\/strong><span><strong> de participare:<\/strong><\/span><\/p>\n<p><span> \u2022 Acest curs este disponibil numai pentru persoanele care au participat <\/span><span class=\"word\" data-words=\"la,l\u0103\">la<\/span><span> cursul CST1 (Terapia CranioSacral\u0103 1).<\/span><\/p>\n<p><span> \u2022 Obligatoriu practicarea <\/span><span class=\"word\" data-words=\"\u0219i,si\">\u0219i<\/span><span> <\/span><span class=\"word\" data-words=\"\u00eensu\u0219irea,insusirea\">\u00eensu\u0219irea<\/span><span> tehnicilor din \u201cProtocolul <\/span><span class=\"word\" data-words=\"\u00een,in\">\u00een<\/span><span> 10 <\/span><span class=\"word modified\" data-words=\"pasi,pa\u0219i,p\u0103\u0219i,p\u00e2\u0219i\">pa\u0219i<\/span><span>\u201d <\/span><span class=\"word\" data-words=\"\u0219i,si\">\u0219i<\/span><span> completarea unui <\/span><span class=\"word\" data-words=\"num\u0103r,numar\">num\u0103r<\/span><span> de 75 \u2013 100 tratamente complete.<\/span><\/p>\n<p><span> <\/span><strong><span class=\"word\" data-words=\"Recomand\u0103ri,Recomandari\">Recomand\u0103ri<\/span><\/strong><span><strong>:<\/strong><\/span><\/p>\n<p><span> \u2022 este recomandat <\/span><span class=\"word\" data-words=\"s\u0103,sa,\u0219a\">s\u0103<\/span><span> expermenta\u021bi <\/span><span class=\"word\" data-words=\"\u00eenainte,inainte\">\u00eenainte<\/span><span> de curs, cel <\/span><span class=\"word\" data-words=\"pu\u021bin,putin\">pu\u021bin<\/span><span> 3 tratamente cu \u201cProtocolul <\/span><span class=\"word\" data-words=\"\u00een,in\">\u00een<\/span><span> 10 <\/span><span class=\"word modified\" data-words=\"pasi,pa\u0219i,p\u0103\u0219i,p\u00e2\u0219i\">pa\u0219i<\/span><span>\u201d de <\/span><span class=\"word\" data-words=\"la,l\u0103\">la<\/span><span> un terapeut experimentat;<\/span><\/p>\n<p><span> \u2022 obligatoriu un tratament CranioSacral <\/span><span class=\"word\" data-words=\"\u00een,in\">\u00een<\/span><span> care s-au folosit <\/span><span class=\"word\" data-words=\"\u0219i,si\">\u0219i<\/span><span> tehnici <\/span><span class=\"word\" data-words=\"intra,intr\u0103,\u00eentra,\u00eentr\u0103\">intra<\/span><span>-bucale (cele ce se vor <\/span><span class=\"word\" data-words=\"prezenta,prezent\u0103,prezen\u021ba,prezen\u021b\u0103\">prezenta<\/span><span> <\/span><span class=\"word\" data-words=\"\u00een,in\">\u00een<\/span><span> cursul CST2). Acestea <\/span><span class=\"word\" data-words=\"v\u0103,va\">v\u0103<\/span><span> vor <\/span><span class=\"word\" data-words=\"ajut\u0103,ajuta\">ajuta<\/span><span> <\/span><span class=\"word\" data-words=\"s\u0103,sa,\u0219a\">s\u0103<\/span><span> <\/span><span class=\"word\" data-words=\"\u00een\u021belege\u021bi,intelegeti\">\u00een\u021belege\u021bi<\/span><span> care <\/span><span class=\"word\" data-words=\"sunt,\u0219unt\">sunt<\/span><span> efectele <\/span><span class=\"word\" data-words=\"\u0219i,si\">\u0219i<\/span><span> <\/span><span class=\"word\" data-words=\"implica\u021biile,implicatiile\">implica\u021biile<\/span><span> tehnicilor ce <\/span><span class=\"word\" data-words=\"vizeaz\u0103,vizeaza\">vizeaz\u0103<\/span><span> eliberarea <\/span><span class=\"word\" data-words=\"restric\u021biilor,restrictiilor\">restric\u021biilor<\/span><span> de <\/span><span class=\"word\" data-words=\"la,l\u0103\">la<\/span><span> nivelul viscero-craniului.<\/span><\/p>\n<p>[\/et_pb_text][\/et_pb_column][\/et_pb_row][\/et_pb_section]<\/p>\n","protected":false},"excerpt":{"rendered":"<p>CST2 \u2013 Curs Terapie CranioSacral\u0103, nivel 2Cursul CST2 este recomandat celor care au utilizat tehnicile \u00eenv\u0103\u021bate la cursul CST1 \u0219i au devenit deja convin\u0219i de beneficiile tehnicilor bl\u00e2nde dar extrem de eficiente din terapia CranioSacral\u0103, \u0219i vor s\u0103 aprofundeze cunoa\u0219terea \u0219i cercetarea, cu inten\u021bia de a ajunge la practicarea \u00een mod profesional. \u00cen cele 4 [&hellip;]<\/p>\n","protected":false},"author":1,"featured_media":0,"parent":0,"menu_order":0,"comment_status":"closed","ping_status":"closed","template":"","meta":{"_et_pb_use_builder":"on","_et_pb_old_content":"<!-- wp:divi\/placeholder \/-->","_et_gb_content_width":"","footnotes":""},"class_list":["post-182","page","type-page","status-publish","hentry"],"_links":{"self":[{"href":"https:\/\/craniosacral.ro\/w\/wp-json\/wp\/v2\/pages\/182","targetHints":{"allow":["GET"]}}],"collection":[{"href":"https:\/\/craniosacral.ro\/w\/wp-json\/wp\/v2\/pages"}],"about":[{"href":"https:\/\/craniosacral.ro\/w\/wp-json\/wp\/v2\/types\/page"}],"author":[{"embeddable":true,"href":"https:\/\/craniosacral.ro\/w\/wp-json\/wp\/v2\/users\/1"}],"replies":[{"embeddable":true,"href":"https:\/\/craniosacral.ro\/w\/wp-json\/wp\/v2\/comments?post=182"}],"version-history":[{"count":0,"href":"https:\/\/craniosacral.ro\/w\/wp-json\/wp\/v2\/pages\/182\/revisions"}],"wp:attachment":[{"href":"https:\/\/craniosacral.ro\/w\/wp-json\/wp\/v2\/media?parent=182"}],"curies":[{"name":"wp","href":"https:\/\/api.w.org\/{rel}","templated":true}]}}