{"id":180,"date":"2021-02-23T09:14:11","date_gmt":"2021-02-23T07:14:11","guid":{"rendered":"http:\/\/craniosacral.ro\/w\/?page_id=180"},"modified":"2021-02-23T12:37:07","modified_gmt":"2021-02-23T10:37:07","slug":"cst1-curs-terapie-craniosacrala-nivel-1","status":"publish","type":"page","link":"https:\/\/craniosacral.ro\/w\/cst1-curs-terapie-craniosacrala-nivel-1\/","title":{"rendered":"CST1 \u2013 Curs Terapie CranioSacral\u0103, nivel 1"},"content":{"rendered":"<p>[et_pb_section fb_built=&#8221;1&#8243; _builder_version=&#8221;4.9.0&#8243; _module_preset=&#8221;default&#8221;][et_pb_row _builder_version=&#8221;4.9.0&#8243; _module_preset=&#8221;default&#8221;][et_pb_column type=&#8221;4_4&#8243; _builder_version=&#8221;4.9.0&#8243; _module_preset=&#8221;default&#8221;][et_pb_text _builder_version=&#8221;4.9.0&#8243; _module_preset=&#8221;default&#8221; hover_enabled=&#8221;0&#8243; sticky_enabled=&#8221;0&#8243;]<\/p>\n<h2 class=\"et_pb_module_header\">CST1 \u2013 Curs Terapie CranioSacral\u0103, nivel 1<\/h2>\n<p>[\/et_pb_text][et_pb_divider _builder_version=&#8221;4.9.0&#8243; _module_preset=&#8221;default&#8221;][\/et_pb_divider][et_pb_text _builder_version=&#8221;4.9.0&#8243; _module_preset=&#8221;default&#8221; hover_enabled=&#8221;0&#8243; sticky_enabled=&#8221;0&#8243;]<\/p>\n<p><strong>Cursul CST1 (CranioSacral Therapy1 \u2013 Terapia CranioSacral\u01031)<\/strong> este recomandat \u00een special celor ce doresc s\u0103 adauge la experien\u021ba pe care o au, tehnici suplimentare pentru facilitarea \u00eens\u0103n\u0103to\u0219irii, dar \u0219i celor care au membrii de familie care ar avea nevoie de un suport sus\u021binut de tratament.<\/p>\n<p><strong>\u00cen cele 4 zile de curs ve\u021bi \u00eenv\u0103\u021ba:<\/strong><br \/> \u2022 principiile terapiei CranioSacrale \u0219i fundamentul \u0219tiin\u021bific pe care este bazat\u0103;<br \/> \u2022 s\u0103 demonstra\u021bi \u00eensu\u0219irea aptitudinilor foarte fine de palpare a ritmului craniosacral;<br \/> \u2022 s\u0103 identifica\u021bi \u0219i s\u0103 interpreta\u021bi cu acurate\u021be ritmul craniosacral, s\u0103 evalua\u021bi disfunc\u021biile \u0219i calit\u0103\u021bile acestuia;<br \/> \u2022 s\u0103 localiza\u021bi sursa problemelor fizice prin palparea \u021besutului fascial, acea re\u021bea complex\u0103 tridimensional\u0103 care are impact asupra structurilor \u0219i sistemelor corpului;<br \/> \u2022 s\u0103 elibera\u021bi restric\u021biile din tubul dural pentru a \u00eembun\u0103t\u0103\u021bi interac\u021biunea dintre sistemul nervos central \u0219i restul corpului;<br \/> \u2022 s\u0103 folosi\u021bi tehnicile care produc efectele de relaxare \u0219i de \u00eens\u0103n\u0103to\u0219ire, incluz\u00e2nd tehnica de \u201cdirec\u021bionarea energiei\u201d \u0219i cea a inducerii \u201cpunctului Still\u201d;<br \/> \u2022 s\u0103 lucra\u021bi cu diferite disfunc\u021bii cum ar fi: cea a articula\u021biei temporo-mandibular\u0103, disfunc\u021bii ale sistemului nervos central, dureri cronice de g\u00e2t \u0219i spate, \u0219i nu numai at\u00e2t;<br \/> \u2022 s\u0103 aplica\u021bi tehnicile protocolului \u00een 10 pa\u0219i ai tratamentului CranioSacral dezvoltat de Dr. John Upledger.<\/p>\n<p><strong>Condi\u021bii de participare:<\/strong><br \/> Acest curs este disponibil cadrelor medicale, fizioterapeu\u021bilor, maseurilor, celor care au urmat cursul Introducere \u00een CST(Terapia CranioSacral\u0103).<br \/> Persoanele care nu sunt \u00een categoria men\u021bionat\u0103 mai sus, au nevoie de participarea la cursul Introducere \u00een Terapia CranioSacral\u0103.<\/p>\n<p>Pentru detalii contacta\u021bi organizatorul.<\/p>\n<p><strong>Recomand\u0103ri:<\/strong><br \/> \u2022 Citirea c\u0103r\u021bii \u201cTu \u0219i medicul din tine\u201d a Dr. John E.Upledger<br \/> \u2022 Este recomndat s\u0103 experimenta\u021bi un tratament CranioSacral pe propriul corp, \u00eenainte de curs. Asta v\u0103 v\u0103 ajut\u0103 s\u0103 \u00een\u021belege\u021bi cum func\u021bioneaz\u0103 \u0219i care sunt efectele asupra corpului.<\/p>\n<p>[\/et_pb_text][\/et_pb_column][\/et_pb_row][\/et_pb_section]<\/p>\n","protected":false},"excerpt":{"rendered":"<p>CST1 \u2013 Curs Terapie CranioSacral\u0103, nivel 1Cursul CST1 (CranioSacral Therapy1 \u2013 Terapia CranioSacral\u01031) este recomandat \u00een special celor ce doresc s\u0103 adauge la experien\u021ba pe care o au, tehnici suplimentare pentru facilitarea \u00eens\u0103n\u0103to\u0219irii, dar \u0219i celor care au membrii de familie care ar avea nevoie de un suport sus\u021binut de tratament. \u00cen cele 4 zile [&hellip;]<\/p>\n","protected":false},"author":1,"featured_media":0,"parent":0,"menu_order":0,"comment_status":"closed","ping_status":"closed","template":"","meta":{"_et_pb_use_builder":"on","_et_pb_old_content":"<!-- wp:divi\/placeholder \/-->","_et_gb_content_width":"","footnotes":""},"class_list":["post-180","page","type-page","status-publish","hentry"],"_links":{"self":[{"href":"https:\/\/craniosacral.ro\/w\/wp-json\/wp\/v2\/pages\/180","targetHints":{"allow":["GET"]}}],"collection":[{"href":"https:\/\/craniosacral.ro\/w\/wp-json\/wp\/v2\/pages"}],"about":[{"href":"https:\/\/craniosacral.ro\/w\/wp-json\/wp\/v2\/types\/page"}],"author":[{"embeddable":true,"href":"https:\/\/craniosacral.ro\/w\/wp-json\/wp\/v2\/users\/1"}],"replies":[{"embeddable":true,"href":"https:\/\/craniosacral.ro\/w\/wp-json\/wp\/v2\/comments?post=180"}],"version-history":[{"count":0,"href":"https:\/\/craniosacral.ro\/w\/wp-json\/wp\/v2\/pages\/180\/revisions"}],"wp:attachment":[{"href":"https:\/\/craniosacral.ro\/w\/wp-json\/wp\/v2\/media?parent=180"}],"curies":[{"name":"wp","href":"https:\/\/api.w.org\/{rel}","templated":true}]}}