{"id":168,"date":"2021-02-22T16:46:12","date_gmt":"2021-02-22T14:46:12","guid":{"rendered":"http:\/\/craniosacral.ro\/w\/?page_id=168"},"modified":"2021-02-23T12:45:54","modified_gmt":"2021-02-23T10:45:54","slug":"csti-curs-de-introducere-in-terapia-craniosacrala","status":"publish","type":"page","link":"https:\/\/craniosacral.ro\/w\/csti-curs-de-introducere-in-terapia-craniosacrala\/","title":{"rendered":"CSTi \u2013 Curs de Introducere \u00een Terapia CranioSacral\u0103"},"content":{"rendered":"<p>[et_pb_section fb_built=&#8221;1&#8243; _builder_version=&#8221;4.9.0&#8243; _module_preset=&#8221;default&#8221;][et_pb_row _builder_version=&#8221;4.9.0&#8243; _module_preset=&#8221;default&#8221;][et_pb_column type=&#8221;4_4&#8243; _builder_version=&#8221;4.9.0&#8243; _module_preset=&#8221;default&#8221;][et_pb_text _builder_version=&#8221;4.9.0&#8243; _module_preset=&#8221;default&#8221; hover_enabled=&#8221;0&#8243; sticky_enabled=&#8221;0&#8243;]<\/p>\n<h2 class=\"et_pb_module_header\">CSTi \u2013 Curs de Introducere \u00een Terapia CranioSacral\u0103<\/h2>\n<p>[\/et_pb_text][et_pb_divider _builder_version=&#8221;4.9.0&#8243; _module_preset=&#8221;default&#8221;][\/et_pb_divider][et_pb_text _builder_version=&#8221;4.9.0&#8243; _module_preset=&#8221;default&#8221;]<\/p>\n<p><strong>Cursul <span class=\"word\" data-words=\"Introducere,\u00centroducere\">Introducere<\/span> <span class=\"word\" data-words=\"\u00een,in\">\u00een<\/span><\/strong><span><strong> Terapia CranioSacral\u0103<\/strong>\u00a0este cursul obligatoriu pentru cei ce doresc <\/span><span class=\"word\" data-words=\"s\u0103,sa,\u0219a\">s\u0103<\/span><span> <\/span><span class=\"word\" data-words=\"intre,\u00eentre\">intre<\/span><span> <\/span><span class=\"word\" data-words=\"\u00een,in\">\u00een<\/span><span> tainele acestor tehnici <\/span><span class=\"word\" data-words=\"\u0219i,si\">\u0219i<\/span><span> nu au o profesie <\/span><span class=\"word modified\" data-words=\"medical\u0103,medicala\">medical\u0103<\/span><span> (medici, <\/span><span class=\"word\" data-words=\"asisten\u021bi,asistenti\">asisten\u021bi<\/span><span> medicali) <\/span><span class=\"word\" data-words=\"sau,s\u0103u,\u0219au\">sau<\/span><span> din domeniul terapiilor manuale (<\/span><span class=\"word\" data-words=\"kinetoterapeu\u021bi,kinetoterapeuti\">kinetoterapeu\u021bi<\/span><span>, <\/span><span class=\"word\" data-words=\"fizioterapeu\u021bi,fizioterapeuti\">fizioterapeu\u021bi<\/span><span>, maseuri). Este \u201c<\/span><span class=\"word\" data-words=\"clas\u0103,clasa\">clasa<\/span><span> <\/span><span class=\"word\" data-words=\"preg\u0103titoare,pregatitoare\">preg\u0103titoare<\/span><span>\u201d pentru antrenarea de <\/span><span class=\"word modified\" data-words=\"baza,baz\u0103,b\u00e2za,b\u00e2z\u0103\">baz\u0103<\/span><span> <\/span><span class=\"word\" data-words=\"\u00een,in\">\u00een<\/span><span> <\/span><span class=\"word\" data-words=\"no\u021biunile,notiunile\">no\u021biunile<\/span><span> de anatomie <\/span><span class=\"word\" data-words=\"\u0219i,si\">\u0219i<\/span><span> <\/span><span class=\"word\" data-words=\"\u00een,in\">\u00een<\/span><span> tehnicile de <\/span><span class=\"word\" data-words=\"palpare,p\u00e2lp\u0103re\">palpare<\/span><span>.<\/span><\/p>\n<p><span> <\/span><strong><span class=\"word\" data-words=\"\u00cen,In\">\u00cen<\/span> cele 2 zile de curs <span class=\"word\" data-words=\"ve\u021bi,veti\">ve\u021bi<\/span> <span class=\"word\" data-words=\"\u00eenva\u021b\u0103,\u00eenv\u0103\u021ba,\u00eenv\u0103\u021b\u0103,invata\">\u00eenv\u0103\u021ba<\/span><\/strong><span><strong>:<\/strong><\/span><\/p>\n<p><span> \u2022 principiile terapiei CranioSacrale <\/span><span class=\"word\" data-words=\"\u0219i,si\">\u0219i<\/span><span> fundamentul <\/span><span class=\"word\" data-words=\"\u0219tiin\u021bific,stiintific\">\u0219tiin\u021bific<\/span><span> pe care este <\/span><span class=\"word modified\" data-words=\"bazat\u0103,bazata\">bazat\u0103<\/span><span>;<\/span><\/p>\n<p><span> \u2022 anatomia <\/span><span class=\"word\" data-words=\"\u0219i,si\">\u0219i<\/span><span> fiziologia sistemului craniosacral <\/span><span class=\"word\" data-words=\"\u0219i,si\">\u0219i<\/span><span> <\/span><span class=\"word\" data-words=\"rela\u021bia,relatia\">rela\u021bia<\/span><span> acestuia cu <\/span><span class=\"word\" data-words=\"boal\u0103,boala\">boala<\/span><span>, durerea <\/span><span class=\"word\" data-words=\"\u0219i,si\">\u0219i<\/span><span> <\/span><span class=\"word\" data-words=\"disfunc\u021biile,disfunctiile\">disfunc\u021biile<\/span><span>;<\/span><\/p>\n<p><span> \u2022 <\/span><span class=\"word\" data-words=\"\u00eensu\u0219irea,insusirea\">\u00eensu\u0219irea<\/span><span> aptitudinilor foarte fine de <\/span><span class=\"word\" data-words=\"palpare,p\u00e2lp\u0103re\">palpare<\/span><span> a ritmului craniosacral <\/span><span class=\"word\" data-words=\"\u00een,in\">\u00een<\/span><span> \u201c<\/span><span class=\"word\" data-words=\"sta\u021biile,statiile\">sta\u021biile<\/span><span> de ascultare\u201d;<\/span><\/p>\n<p><span> \u2022 <\/span><span class=\"word\" data-words=\"s\u0103,sa,\u0219a\">s\u0103<\/span><span> <\/span><span class=\"word\" data-words=\"identifica\u021bi,identificati\">identifica\u021bi<\/span><span> <\/span><span class=\"word\" data-words=\"\u0219i,si\">\u0219i<\/span><span> <\/span><span class=\"word\" data-words=\"s\u0103,sa,\u0219a\">s\u0103<\/span><span> <\/span><span class=\"word\" data-words=\"interpreta\u021bi,interpretati\">interpreta\u021bi<\/span><span> cu <\/span><span class=\"word\" data-words=\"acurate\u021be,acuratete\">acurate\u021be<\/span><span> ritmul craniosacral, <\/span><span class=\"word\" data-words=\"s\u0103,sa,\u0219a\">s\u0103<\/span><span> <\/span><span class=\"word\" data-words=\"evalua\u021bi,evaluati\">evalua\u021bi<\/span><span> <\/span><span class=\"word\" data-words=\"disfunc\u021biile,disfunctiile\">disfunc\u021biile<\/span><span> <\/span><span class=\"word\" data-words=\"\u0219i,si\">\u0219i<\/span><span> <\/span><span class=\"word\" data-words=\"calit\u0103\u021bile,calitatile\">calit\u0103\u021bile<\/span><span> acestuia;<\/span><\/p>\n<p><span> \u2022 <\/span><span class=\"word\" data-words=\"s\u0103,sa,\u0219a\">s\u0103<\/span><span> <\/span><span class=\"word\" data-words=\"localiza\u021bi,localizati\">localiza\u021bi<\/span><span> <\/span><span class=\"word\" data-words=\"surs\u0103,sursa\">sursa<\/span><span> problemelor fizice prin palparea <\/span><span class=\"word\" data-words=\"\u021besutului,tesutului\">\u021besutului<\/span><span> fascial, acea <\/span><span class=\"word\" data-words=\"re\u021bea,retea\">re\u021bea<\/span><span> <\/span><span class=\"word modified\" data-words=\"complex\u0103,complexa\">complex\u0103<\/span><span> <\/span><span class=\"word modified\" data-words=\"tridimensional\u0103,tridimensionala\">tridimensional\u0103<\/span><span> care are impact <\/span><span class=\"word\" data-words=\"asupr\u0103,asupra\">asupra<\/span><span> structurilor <\/span><span class=\"word\" data-words=\"\u0219i,si\">\u0219i<\/span><span> sistemelor corpului;<\/span><\/p>\n<p><span> \u2022 <\/span><span class=\"word\" data-words=\"\u00eenv\u0103\u021barea,invatarea\">\u00eenv\u0103\u021barea<\/span><span> tehnicilor de eliberare a diafragmelor: <\/span><span class=\"word modified\" data-words=\"pelvian\u0103,pelviana\">pelvian\u0103<\/span><span>, respiratorie, <\/span><span class=\"word modified\" data-words=\"toracic\u0103,toracica\">toracic\u0103<\/span><span>;<\/span><\/p>\n<p><span> \u2022 <\/span><span class=\"word\" data-words=\"s\u0103,sa,\u0219a\">s\u0103<\/span><span> <\/span><span class=\"word\" data-words=\"elibera\u021bi,eliberati\">elibera\u021bi<\/span><span> <\/span><span class=\"word\" data-words=\"restric\u021biile,restrictiile\">restric\u021biile<\/span><span> din tubul dural pentru a <\/span><span class=\"word\" data-words=\"\u00eembun\u0103t\u0103\u021bi,imbunatati\">\u00eembun\u0103t\u0103\u021bi<\/span><span> <\/span><span class=\"word\" data-words=\"interac\u021biunea,interactiunea\">interac\u021biunea<\/span><span> dintre sistemul nervos central <\/span><span class=\"word\" data-words=\"\u0219i,si\">\u0219i<\/span><span> restul corpului, <\/span><span class=\"word\" data-words=\"s\u0103,sa,\u0219a\">s\u0103<\/span><span> <\/span><span class=\"word\" data-words=\"folosi\u021bi,folositi\">folosi\u021bi<\/span><span> tehnicile care produc efectele de relaxare <\/span><span class=\"word\" data-words=\"\u0219i,si\">\u0219i<\/span><span> de <\/span><span class=\"word\" data-words=\"\u00eens\u0103n\u0103to\u0219ire,insanatosire\">\u00eens\u0103n\u0103to\u0219ire<\/span><span>, incluz\u00e2nd <\/span><span class=\"word\" data-words=\"tehnic\u0103,tehnica\">tehnica<\/span><span> de \u201c<\/span><span class=\"word\" data-words=\"direc\u021bionarea,directionarea\">direc\u021bionarea<\/span><span> energiei\u201d, \u201cV-spread\u201d <\/span><span class=\"word\" data-words=\"\u0219i,si\">\u0219i<\/span><span> cea a inducerii \u201cpunctului Still\u201d;<\/span>evaluarea <span class=\"word\" data-words=\"suturilor,\u0219uturilor\">suturilor<\/span> craniene <span class=\"word\" data-words=\"\u0219i,si\">\u0219i<\/span> <span class=\"word\" data-words=\"tehnic\u0103,tehnica\">tehnica<\/span> \u201cpompare <span class=\"word modified\" data-words=\"cranian\u0103,craniana\">cranian\u0103<\/span>\u201d<\/p>\n<p><span> Acest curs <\/span><span class=\"word\" data-words=\"ofer\u0103,ofera\">ofer\u0103<\/span><span> o <\/span><span class=\"word modified\" data-words=\"excelen\u021ba,excelenta\">excelent\u0103<\/span><span> <\/span><span class=\"word\" data-words=\"preg\u0103tire,pregatire\">preg\u0103tire<\/span><span> <\/span><span class=\"word modified\" data-words=\"preliminar\u0103,preliminara\">preliminar\u0103<\/span><span> pentru participarea <\/span><span class=\"word\" data-words=\"la,l\u0103\">la<\/span><span> cursul de 4 zile \u201cTerapia CranioSacral\u0103 1\u201d (CST1)<\/span><\/p>\n<p><span> <\/span><strong><span class=\"word\" data-words=\"Condi\u021bii,Conditii\">Condi\u021bii<\/span><\/strong><span><strong> de participare:<\/strong><\/span><\/p>\n<p><span> Acest curs este disponibil tuturor acelora care au un <\/span><span class=\"word modified\" data-words=\"simt,sim\u021b\">sim\u021b<\/span><span> tactil <\/span><span class=\"word\" data-words=\"fin,f\u00een\">fin<\/span><span> <\/span><span class=\"word\" data-words=\"\u0219i,si\">\u0219i<\/span><span> au <\/span><span class=\"word\" data-words=\"dorin\u021b\u0103,dorin\u021ba,dorinta\">dorin\u021b\u0103<\/span><span> de a <\/span><span class=\"word\" data-words=\"lucr\u0103,lucra\">lucra<\/span><span> direct cu corpul uman, cei care vor <\/span><span class=\"word\" data-words=\"s\u0103,sa,\u0219a\">s\u0103<\/span><span>&#8211;<\/span><span class=\"word\" data-words=\"\u0219i,si\">\u0219i<\/span><span> ajute familia <\/span><span class=\"word\" data-words=\"\u0219i,si\">\u0219i<\/span><span> prietenii.<\/span><\/p>\n<p><span> Studii minime: liceu, cu bacalaureat<\/span><\/p>\n<p><span> <\/span><strong><span class=\"word\" data-words=\"Recomand\u0103ri,Recomandari\">Recomand\u0103ri<\/span><\/strong><span><strong>:<\/strong><\/span><\/p>\n<p><span> \u2022 Citirea <\/span><span class=\"word\" data-words=\"c\u0103r\u021bii,c\u00e2rtii,cartii\">c\u0103r\u021bii<\/span><span> \u201c<\/span><span class=\"word\" data-words=\"Tu,\u021au\">Tu<\/span><span> <\/span><span class=\"word\" data-words=\"\u0219i,si\">\u0219i<\/span><span> medicul din <\/span><span class=\"word\" data-words=\"tine,\u021bine,\u021b\u00eene\">tine<\/span><span>\u201d a Dr. John E.Upledger.<\/span><\/p>\n<p><span> \u2022 Este recomandat, dar nu obligatoriu, <\/span><span class=\"word\" data-words=\"s\u0103,sa,\u0219a\">s\u0103<\/span><span> <\/span><span class=\"word\" data-words=\"experimenta\u021bi,experimentati\">experimenta\u021bi<\/span><span> un tratament CranioSacral pe propriul corp, <\/span><span class=\"word\" data-words=\"\u00eenainte,inainte\">\u00eenainte<\/span><span> de curs. <\/span><span class=\"word\" data-words=\"Asta,Ast\u0103,\u0102sta\">Asta<\/span><span> <\/span><span class=\"word\" data-words=\"v\u0103,va\">v\u0103<\/span><span> <\/span><span class=\"word modified\" data-words=\"v\u0103,va\">va<\/span><span> <\/span><span class=\"word\" data-words=\"ajut\u0103,ajuta\">ajuta<\/span><span> <\/span><span class=\"word\" data-words=\"s\u0103,sa,\u0219a\">s\u0103<\/span><span> <\/span><span class=\"word\" data-words=\"\u00een\u021belege\u021bi,intelegeti\">\u00een\u021belege\u021bi<\/span><span> cum <\/span><span class=\"word\" data-words=\"func\u021bioneaz\u0103,functioneaza\">func\u021bioneaz\u0103<\/span><span> <\/span><span class=\"word\" data-words=\"\u0219i,si\">\u0219i<\/span><span> care <\/span><span class=\"word\" data-words=\"sunt,\u0219unt\">sunt<\/span><span> efectele <\/span><span class=\"word\" data-words=\"asupr\u0103,asupra\">asupra<\/span><span> corpului <\/span><span class=\"word\" data-words=\"\u0219i,si\">\u0219i<\/span><span> de asemenea, <\/span><span class=\"word\" data-words=\"ve\u021bi,veti\">ve\u021bi<\/span><span> <\/span><span class=\"word\" data-words=\"experiment\u0103,experimenta\">experimenta<\/span><span> ce <\/span><span class=\"word\" data-words=\"\u00eenseamn\u0103,inseamna\">\u00eenseamn\u0103<\/span><span> o atingere <\/span><span class=\"word\" data-words=\"bl\u00e2nd\u0103,bl\u00e2nda,blanda\">bl\u00e2nd\u0103<\/span><span>, <\/span><span class=\"word modified\" data-words=\"simt,sim\u021b\">sim\u021b<\/span><span> tactil <\/span><span class=\"word\" data-words=\"fin,f\u00een\">fin<\/span><span>.<\/span><\/p>\n<p>[\/et_pb_text][\/et_pb_column][\/et_pb_row][\/et_pb_section]<\/p>\n","protected":false},"excerpt":{"rendered":"<p>CSTi \u2013 Curs de Introducere \u00een Terapia CranioSacral\u0103Cursul Introducere \u00een Terapia CranioSacral\u0103\u00a0este cursul obligatoriu pentru cei ce doresc s\u0103 intre \u00een tainele acestor tehnici \u0219i nu au o profesie medical\u0103 (medici, asisten\u021bi medicali) sau din domeniul terapiilor manuale (kinetoterapeu\u021bi, fizioterapeu\u021bi, maseuri). Este \u201cclasa preg\u0103titoare\u201d pentru antrenarea de baz\u0103 \u00een no\u021biunile de anatomie \u0219i \u00een tehnicile [&hellip;]<\/p>\n","protected":false},"author":1,"featured_media":0,"parent":0,"menu_order":0,"comment_status":"closed","ping_status":"closed","template":"","meta":{"_et_pb_use_builder":"on","_et_pb_old_content":"","_et_gb_content_width":"","footnotes":""},"class_list":["post-168","page","type-page","status-publish","hentry"],"_links":{"self":[{"href":"https:\/\/craniosacral.ro\/w\/wp-json\/wp\/v2\/pages\/168","targetHints":{"allow":["GET"]}}],"collection":[{"href":"https:\/\/craniosacral.ro\/w\/wp-json\/wp\/v2\/pages"}],"about":[{"href":"https:\/\/craniosacral.ro\/w\/wp-json\/wp\/v2\/types\/page"}],"author":[{"embeddable":true,"href":"https:\/\/craniosacral.ro\/w\/wp-json\/wp\/v2\/users\/1"}],"replies":[{"embeddable":true,"href":"https:\/\/craniosacral.ro\/w\/wp-json\/wp\/v2\/comments?post=168"}],"version-history":[{"count":0,"href":"https:\/\/craniosacral.ro\/w\/wp-json\/wp\/v2\/pages\/168\/revisions"}],"wp:attachment":[{"href":"https:\/\/craniosacral.ro\/w\/wp-json\/wp\/v2\/media?parent=168"}],"curies":[{"name":"wp","href":"https:\/\/api.w.org\/{rel}","templated":true}]}}