{"id":156,"date":"2021-02-22T16:27:24","date_gmt":"2021-02-22T14:27:24","guid":{"rendered":"http:\/\/craniosacral.ro\/w\/?page_id=156"},"modified":"2021-02-23T12:51:00","modified_gmt":"2021-02-23T10:51:00","slug":"cum-se-aplica-terapia-craniosacrala-la-copii","status":"publish","type":"page","link":"https:\/\/craniosacral.ro\/w\/cum-se-aplica-terapia-craniosacrala-la-copii\/","title":{"rendered":"Cum se aplic\u0103 terapia CranioSacral\u0103 la copii"},"content":{"rendered":"<p>[et_pb_section fb_built=&#8221;1&#8243; _builder_version=&#8221;4.9.0&#8243; _module_preset=&#8221;default&#8221;][et_pb_row _builder_version=&#8221;4.9.0&#8243; _module_preset=&#8221;default&#8221;][et_pb_column type=&#8221;4_4&#8243; _builder_version=&#8221;4.9.0&#8243; _module_preset=&#8221;default&#8221;][et_pb_text _builder_version=&#8221;4.9.0&#8243; _module_preset=&#8221;default&#8221; hover_enabled=&#8221;0&#8243; sticky_enabled=&#8221;0&#8243;]<\/p>\n<p><img loading=\"lazy\" decoding=\"async\" src=\"http:\/\/craniosacral.ro\/w\/wp-content\/uploads\/2021\/02\/copii-300x184.jpg\" width=\"300\" height=\"184\" alt=\"\" class=\"wp-image-35 alignnone size-medium\" srcset=\"https:\/\/craniosacral.ro\/w\/wp-content\/uploads\/2021\/02\/copii-300x184.jpg 300w, https:\/\/craniosacral.ro\/w\/wp-content\/uploads\/2021\/02\/copii.jpg 410w\" sizes=\"(max-width: 300px) 100vw, 300px\" \/><\/p>\n<p><strong>\u00cen general terapia pentru copil dureaz\u0103 mai pu\u021bin \u0219i e posibil s\u0103 fie efectuat\u0103 \u00eentr-o manier\u0103 mai pu\u021bin conven\u021bional\u0103, adic\u0103 pe podea, \u00eentr-un loc de joac\u0103, sau oriunde copilul se simte mai confortabil.<\/strong><\/p>\n<p>Cu c\u00e2t atmosfera va fi mai pu\u021bin asem\u0103n\u0103toare cu un cabinet medical, cu at\u00e2t copilul va fi mai relaxat.<\/p>\n<p>Tratamentul poate adresa multiple probleme legate de bolile copil\u0103riei \u0219i de alte disfunc\u021bii:<\/p>\n<p><strong>Bolile copil\u0103riei (pojarului, oreionului, v\u0103rsatului de v\u00e2nt etc.)<\/strong> \u2013 terapia CranioSacral\u0103 poate fi utilizat\u0103 eficient \u00een vederea sc\u0103derii febrei \u0219i a trecerii mai u\u0219oare a copilului prin majoritatea acestor st\u0103ri specifice bolilor. Se \u00eent\u0103re\u0219te sistemul imunitar \u0219i se mobilizeaz\u0103 sistemul nervos autonom, astfel \u00eenc\u00e2t imunitatea corpului s\u0103 fie stimulat\u0103.<\/p>\n<p><strong>Alergii<\/strong> \u2013 respiratorii, alimentare<\/p>\n<p><strong>Colici, probleme digestive \u0219i de eliminare<\/strong> \u2013 sunt corectate prin terapia CranioSacral\u0103 \u00een procent de 75%, cu excep\u021bia cazului \u00een care sunt cauzate de tumori sau de alte probleme patologice grave.<\/p>\n<p><strong>Copiii hiperactivi<\/strong> \u2013 sunt trata\u021bi foarte eficient prin intermediul terapiei CranioSacrale \u00een cazul \u00een care problema la origine nu este una emo\u021bional\u0103, \u0219i \u00een acest caz se lucreaz\u0103 cu \u00eentreaga familie. Din cazuistic\u0103 \u00eens\u0103, reiese c\u0103 50-60% din problemele copiilor hiperactivi \u00ee\u0219i au baza \u00een sistemul craniosacral.<\/p>\n<p><strong>Disfunc\u021bii \u00een \u00eenv\u0103\u021bare \u0219i dislexie<\/strong> \u2013 ca \u0219i \u00een cazul copiilor hiperactivi, c\u00e2nd problema \u00ee\u0219i are originile \u00een sistemul craniosacral, tratamentul este foarte eficient, \u00een aproximativ 50-60% din cazuri.<\/p>\n<p><strong>Probleme psihologice, frici, fobii<\/strong><\/p>\n<p><strong>Sindromul Down<\/strong><\/p>\n<p><strong>Retardul mental<\/strong> \u2013 dac\u0103 acei copii \u201ccu \u00eent\u00e2rziere mental\u0103\u201d vor r\u0103spunde sau nu spectaculos la terapia CranioSacral\u0103 depinde de cauza ce a generat \u201cretardul\u201d. S-au \u00eent\u00e2lnit rezultate pozitive remarcabile \u00een anumite cazuri. \u00cen alte \u00eens\u0103, starea de s\u0103n\u0103tate a copiilor s-a \u00eembun\u0103t\u0103\u021bit, dar ei nu au devenit mai inteligen\u021bi ci mult mai prezen\u021bi \u0219i cooperan\u021bi.<\/p>\n<p><strong>Paralizie cerebral\u0103<\/strong> \u2013 cele mai multe experien\u021be au fost legate de paralizia spastic\u0103. Starea tuturor acestor copii s-a \u00eembun\u0103t\u0103\u021bit \u2013 \u00een unele cazuri, spectaculos, \u00een alte cazuri \u2013 mai pu\u021bin. Din nou, depinde de gravitate leziunilor cerebrale ce au generat spasticitatea. Uneori, spasticitatea este eliberat\u0103, dar copilul r\u0103m\u00e2ne cu anumite disfunc\u021bii motorii sau mai rar, cu paralizie flasc\u0103. Paralizia flasc\u0103 este mult mai confortabil\u0103 dec\u00e2t paralizia spastic\u0103, a\u0219adar merit\u0103 \u00eencercat.<\/p>\n<p><strong>Atacuri de apoplexie<\/strong> \u2013 r\u0103spunsul copiilor afecta\u021bi de atacuri de apoplexie este strict dependent de cauza atacurilor. Mul\u021bi dintre ace\u0219tia, pe m\u0103sura desf\u0103\u0219ur\u0103rii terapiei CranioSacrale, au \u00eencetat s\u0103 mai aib\u0103 atacuri, put\u00e2ndu-se astfel (cu acordul medicului curant) s\u0103 se reduc\u0103 sau chiar s\u0103 se renun\u021be total la administrarea medicamentelor. Unii copii ale c\u0103ror atacuri se datoreaz\u0103 unor deregl\u0103ri cerebrale mai profunde, nu r\u0103spund spectaculos, \u00eens\u0103 majoritatea au amelior\u0103ri, se diminueaz\u0103 frecven\u021ba atacurilor sau chiar \u00eenceteaz\u0103 \u0219i necesit\u0103 reducerea dozei de medicamente.<\/p>\n<p><strong>Autism<\/strong> \u2013 s-a observat o \u00eembun\u0103t\u0103\u021bire semnificativ\u0103 \u00een cazul comportamentului auto-distructiv, al prezent\u0103rii afec\u021biunii \u0219i al interac\u021biunii sociale.<\/p>\n<p><strong>Scolioza<\/strong> \u2013 \u00een unele cazuri de scolioz\u0103, este generat\u0103 de disfunc\u021bii \u00een sistemul craniosacral. Adeseori, membrana dura mater care coboar\u0103 pe canalul vertebral prezint\u0103 o r\u0103sucire, care poate fi detectat\u0103 de foarte timpuriu. Coloana vertebral\u0103 rezist\u0103 la r\u0103sucire c\u00e2t de mult poate, dar uneori, \u00een perioada anterioar\u0103 pubert\u0103\u021bii sau \u00een adolescen\u021b\u0103 timpurie, coloana vertebral\u0103 \u00eencepe s\u0103 se r\u0103suceasc\u0103, ca r\u0103spuns la membrana dura mater r\u0103sucit\u0103. Aceast\u0103 situa\u021bie reprezint\u0103 \u00eenceputurile scoliozei. Uneori, dac\u0103 se depisteaz\u0103 din timp, poate fi corectat\u0103 prin intermediul terapiei CranioSacrale, scolioza disp\u0103r\u00e2nd. Un ajutor important \u00een corec\u021bie este \u0219i gimnastica medical\u0103\/kinetoterapia. Alteori, scolioza poate ap\u0103rea datorit\u0103 unor disfunc\u021bii dentare (vezi dispozitivele stomatologice)<\/p>\n<p><strong>Ortodon\u021bia<\/strong> \u2013 apelarea la c\u00e2teva \u0219edin\u021be de terapie duce la diminuarea duratei ortodon\u021biei, elimin\u00e2nd ocazional nevoia dispozitivelor ortodontice, sau chiar \u00een \u00eentregime. Sugerez aplicarea terapiei CranioSacrale asupra tuturor copiilor \u00eenaintea apel\u0103rii la corectarea ortodontica \u0219i\/sau dup\u0103 folosirea acestei metode, pentru eliminarea restric\u021biilor posibile la nivel de suturi craniene.<\/p>\n<p><strong>Strabism<\/strong> \u2013 c\u00e2nd problema este cauzat\u0103 de tensiunea membranei dura mater, care afecteaz\u0103 nervii oculari, rezultatele sunt excelente \u0219i spectaculoase, uneori sa evitat chiar opera\u021bia la ochi.<\/p>\n<p>[\/et_pb_text][\/et_pb_column][\/et_pb_row][\/et_pb_section]<\/p>\n","protected":false},"excerpt":{"rendered":"<p>\u00cen general terapia pentru copil dureaz\u0103 mai pu\u021bin \u0219i e posibil s\u0103 fie efectuat\u0103 \u00eentr-o manier\u0103 mai pu\u021bin conven\u021bional\u0103, adic\u0103 pe podea, \u00eentr-un loc de joac\u0103, sau oriunde copilul se simte mai confortabil. Cu c\u00e2t atmosfera va fi mai pu\u021bin asem\u0103n\u0103toare cu un cabinet medical, cu at\u00e2t copilul va fi mai relaxat. Tratamentul poate adresa [&hellip;]<\/p>\n","protected":false},"author":1,"featured_media":0,"parent":0,"menu_order":0,"comment_status":"closed","ping_status":"closed","template":"","meta":{"_et_pb_use_builder":"on","_et_pb_old_content":"","_et_gb_content_width":"","footnotes":""},"class_list":["post-156","page","type-page","status-publish","hentry"],"_links":{"self":[{"href":"https:\/\/craniosacral.ro\/w\/wp-json\/wp\/v2\/pages\/156","targetHints":{"allow":["GET"]}}],"collection":[{"href":"https:\/\/craniosacral.ro\/w\/wp-json\/wp\/v2\/pages"}],"about":[{"href":"https:\/\/craniosacral.ro\/w\/wp-json\/wp\/v2\/types\/page"}],"author":[{"embeddable":true,"href":"https:\/\/craniosacral.ro\/w\/wp-json\/wp\/v2\/users\/1"}],"replies":[{"embeddable":true,"href":"https:\/\/craniosacral.ro\/w\/wp-json\/wp\/v2\/comments?post=156"}],"version-history":[{"count":0,"href":"https:\/\/craniosacral.ro\/w\/wp-json\/wp\/v2\/pages\/156\/revisions"}],"wp:attachment":[{"href":"https:\/\/craniosacral.ro\/w\/wp-json\/wp\/v2\/media?parent=156"}],"curies":[{"name":"wp","href":"https:\/\/api.w.org\/{rel}","templated":true}]}}