{"id":133,"date":"2021-02-22T15:45:43","date_gmt":"2021-02-22T13:45:43","guid":{"rendered":"http:\/\/craniosacral.ro\/w\/?page_id=133"},"modified":"2021-02-23T12:35:51","modified_gmt":"2021-02-23T10:35:51","slug":"beneficii","status":"publish","type":"page","link":"https:\/\/craniosacral.ro\/w\/beneficii\/","title":{"rendered":"Beneficii"},"content":{"rendered":"<p>[et_pb_section fb_built=&#8221;1&#8243; _builder_version=&#8221;4.9.0&#8243; _module_preset=&#8221;default&#8221;][et_pb_row column_structure=&#8221;1_2,1_2&#8243; _builder_version=&#8221;4.9.0&#8243; _module_preset=&#8221;default&#8221;][et_pb_column type=&#8221;1_2&#8243; _builder_version=&#8221;4.9.0&#8243; _module_preset=&#8221;default&#8221;][et_pb_image src=&#8221;http:\/\/craniosacral.ro\/w\/wp-content\/uploads\/2021\/02\/t-beneficii-350&#215;220-1.jpg&#8221; title_text=&#8221;t-beneficii-350&#215;220&#8243; _builder_version=&#8221;4.9.0&#8243; _module_preset=&#8221;default&#8221;][\/et_pb_image][\/et_pb_column][et_pb_column type=&#8221;1_2&#8243; _builder_version=&#8221;4.9.0&#8243; _module_preset=&#8221;default&#8221;][\/et_pb_column][\/et_pb_row][et_pb_row _builder_version=&#8221;4.9.0&#8243; _module_preset=&#8221;default&#8221;][et_pb_column type=&#8221;4_4&#8243; _builder_version=&#8221;4.9.0&#8243; _module_preset=&#8221;default&#8221;][et_pb_text _builder_version=&#8221;4.9.0&#8243; _module_preset=&#8221;default&#8221; hover_enabled=&#8221;0&#8243; sticky_enabled=&#8221;0&#8243;]<\/p>\n<p><span>Terapia CranioSacral\u0103 se <\/span><span class=\"word\" data-words=\"adreseaz\u0103,adreseaza\">adreseaz\u0103<\/span><span> <\/span><span class=\"word\" data-words=\"at\u00e2t,a\u021b\u00e2\u021b,atat\">at\u00e2t<\/span><span> persoanelor cu probleme de <\/span><span class=\"word\" data-words=\"s\u0103n\u0103tate,sanatate\">s\u0103n\u0103tate<\/span><span>, <\/span><span class=\"word\" data-words=\"c\u00e2t,c\u0103t,c\u0103\u021b,cat\">c\u00e2t<\/span><span> <\/span><span class=\"word\" data-words=\"\u0219i,si\">\u0219i<\/span><span> persoanelor care vor <\/span><span class=\"word\" data-words=\"s\u0103,sa,\u0219a\">s\u0103<\/span><span>&#8211;<\/span><span class=\"word\" data-words=\"\u0219i,si\">\u0219i<\/span><span> <\/span><span class=\"word\" data-words=\"p\u0103streze,pastreze\">p\u0103streze<\/span><span> un tonus de <\/span><span class=\"word\" data-words=\"via\u021b\u0103,via\u021ba,viata\">via\u021b\u0103<\/span><span> normal, <\/span><span class=\"word\" data-words=\"s\u0103,sa,\u0219a\">s\u0103<\/span><span> <\/span><span class=\"word\" data-words=\"fac\u0103,faca\">fac\u0103<\/span><span> <\/span><span class=\"word modified\" data-words=\"fata,fat\u0103,fa\u021ba,fa\u021b\u0103,f\u0103ta,f\u0103t\u0103,f\u0103\u021ba,f\u0103\u021b\u0103,f\u00e2\u021ba,f\u00e2\u021b\u0103\">fa\u021b\u0103<\/span><span> stresului zilnic <\/span><span class=\"word\" data-words=\"mai,m\u0103i,m\u00e2i\">mai<\/span><span> <\/span><span class=\"word\" data-words=\"u\u0219or,usor\">u\u0219or<\/span><span>. E <\/span><span class=\"word modified\" data-words=\"adecvat\u0103,adecvata\">adecvat\u0103<\/span><span> tuturor grupelor de <\/span><span class=\"word\" data-words=\"via\u021b\u0103,via\u021ba,viata\">via\u021b\u0103<\/span><span> de <\/span><span class=\"word\" data-words=\"la,l\u0103\">la<\/span><span> nou-<\/span><span class=\"word\" data-words=\"n\u0103scut,nascut\">n\u0103scut<\/span><span>, <\/span><span class=\"word\" data-words=\"la,l\u0103\">la<\/span><span> <\/span><span class=\"word\" data-words=\"v\u00e2rst\u0103,v\u00e2rsta,varsta\">v\u00e2rst\u0103<\/span><span> a treia.<\/span><\/p>\n<p><span> Tratamentul aplicat copiilor <\/span><span class=\"word\" data-words=\"\u0219i,si\">\u0219i<\/span><span>, <\/span><span class=\"word\" data-words=\"\u00een,in\">\u00een<\/span><span> special, nou-<\/span><span class=\"word\" data-words=\"n\u0103scu\u021bilor,nascutilor\">n\u0103scu\u021bilor<\/span><span> este extrem de eficace <\/span><span class=\"word\" data-words=\"\u0219i,si\">\u0219i<\/span><span> de important, <\/span><span class=\"word\" data-words=\"at\u00e2t,a\u021b\u00e2\u021b,atat\">at\u00e2t<\/span><span> din punct de vedere fizic, dar <\/span><span class=\"word\" data-words=\"\u0219i,si\">\u0219i<\/span><span> <\/span><span class=\"word\" data-words=\"la,l\u0103\">la<\/span><span> nivel <\/span><span class=\"word\" data-words=\"emo\u021bional,emotional\">emo\u021bional<\/span><span>. Din punct de vedere fizic, trebuie <\/span><span class=\"word\" data-words=\"s\u0103,sa,\u0219a\">s\u0103<\/span><span> ne <\/span><span class=\"word\" data-words=\"g\u00e2ndim,gandim\">g\u00e2ndim<\/span><span> prin ce faze trebuie <\/span><span class=\"word\" data-words=\"s\u0103,sa,\u0219a\">s\u0103<\/span><span> <\/span><span class=\"word\" data-words=\"treac\u0103,treaca\">treac\u0103<\/span><span> <\/span><span class=\"word\" data-words=\"\u0219i,si\">\u0219i<\/span><span> <\/span><span class=\"word modified\" data-words=\"cata,cat\u0103,ca\u021ba,ca\u021b\u0103,c\u0103ta,c\u0103t\u0103,c\u00e2ta,c\u00e2t\u0103,c\u00e2\u021b\u0103\">c\u00e2t\u0103<\/span><span> presiune este <\/span><span class=\"word modified\" data-words=\"exercitat\u0103,exercitata\">exercitat\u0103<\/span><span> <\/span><span class=\"word\" data-words=\"asupr\u0103,asupra\">asupra<\/span><span> lui fiind <\/span><span class=\"word\" data-words=\"\u00eempins,impins\">\u00eempins<\/span><span> de <\/span><span class=\"word\" data-words=\"contrac\u021biile,contractiile\">contrac\u021biile<\/span><span> uterine din momentul <\/span><span class=\"word\" data-words=\"na\u0219terii,nasterii\">na\u0219terii<\/span><span>, iar <\/span><span class=\"word modified\" data-words=\"daca,dac\u0103,d\u00e2ca,d\u00e2c\u0103\">dac\u0103<\/span><span> <\/span><span class=\"word\" data-words=\"na\u0219terea,nasterea\">na\u0219terea<\/span><span> a fost <\/span><span class=\"word\" data-words=\"grea,gre\u0103\">grea<\/span><span> <\/span><span class=\"word\" data-words=\"\u0219i,si\">\u0219i<\/span><span> cu <\/span><span class=\"word\" data-words=\"complica\u021bii,complicatii\">complica\u021bii<\/span><span> <\/span><span class=\"word\" data-words=\"sau,s\u0103u,\u0219au\">sau<\/span><span> a fost <\/span><span class=\"word modified\" data-words=\"necesar\u0103,necesara\">necesar\u0103<\/span><span> utilizarea forcepsului <\/span><span class=\"word\" data-words=\"sau,s\u0103u,\u0219au\">sau<\/span><span> a altor <\/span><span class=\"word\" data-words=\"aparate,ap\u0103rate\">aparate<\/span><span>, se pot <\/span><span class=\"word\" data-words=\"crea,cre\u0103\">crea<\/span><span> <\/span><span class=\"word\" data-words=\"deform\u0103ri,deformari\">deform\u0103ri<\/span><span> craniene.<\/span><\/p>\n<p>[\/et_pb_text][\/et_pb_column][\/et_pb_row][\/et_pb_section]<\/p>\n","protected":false},"excerpt":{"rendered":"<p>Terapia CranioSacral\u0103 se adreseaz\u0103 at\u00e2t persoanelor cu probleme de s\u0103n\u0103tate, c\u00e2t \u0219i persoanelor care vor s\u0103-\u0219i p\u0103streze un tonus de via\u021b\u0103 normal, s\u0103 fac\u0103 fa\u021b\u0103 stresului zilnic mai u\u0219or. E adecvat\u0103 tuturor grupelor de via\u021b\u0103 de la nou-n\u0103scut, la v\u00e2rst\u0103 a treia. Tratamentul aplicat copiilor \u0219i, \u00een special, nou-n\u0103scu\u021bilor este extrem de eficace \u0219i de [&hellip;]<\/p>\n","protected":false},"author":1,"featured_media":0,"parent":0,"menu_order":0,"comment_status":"closed","ping_status":"closed","template":"","meta":{"_et_pb_use_builder":"on","_et_pb_old_content":"","_et_gb_content_width":"","footnotes":""},"class_list":["post-133","page","type-page","status-publish","hentry"],"_links":{"self":[{"href":"https:\/\/craniosacral.ro\/w\/wp-json\/wp\/v2\/pages\/133","targetHints":{"allow":["GET"]}}],"collection":[{"href":"https:\/\/craniosacral.ro\/w\/wp-json\/wp\/v2\/pages"}],"about":[{"href":"https:\/\/craniosacral.ro\/w\/wp-json\/wp\/v2\/types\/page"}],"author":[{"embeddable":true,"href":"https:\/\/craniosacral.ro\/w\/wp-json\/wp\/v2\/users\/1"}],"replies":[{"embeddable":true,"href":"https:\/\/craniosacral.ro\/w\/wp-json\/wp\/v2\/comments?post=133"}],"version-history":[{"count":0,"href":"https:\/\/craniosacral.ro\/w\/wp-json\/wp\/v2\/pages\/133\/revisions"}],"wp:attachment":[{"href":"https:\/\/craniosacral.ro\/w\/wp-json\/wp\/v2\/media?parent=133"}],"curies":[{"name":"wp","href":"https:\/\/api.w.org\/{rel}","templated":true}]}}