{"id":125,"date":"2021-02-22T15:31:59","date_gmt":"2021-02-22T13:31:59","guid":{"rendered":"http:\/\/craniosacral.ro\/w\/?page_id=125"},"modified":"2021-02-22T16:06:53","modified_gmt":"2021-02-22T14:06:53","slug":"terapia-in-apa","status":"publish","type":"page","link":"https:\/\/craniosacral.ro\/w\/terapia-in-apa\/","title":{"rendered":"Terapia \u00een ap\u0103"},"content":{"rendered":"<p>[et_pb_section fb_built=&#8221;1&#8243; _builder_version=&#8221;4.9.0&#8243; _module_preset=&#8221;default&#8221;][et_pb_row column_structure=&#8221;1_2,1_2&#8243; _builder_version=&#8221;4.9.0&#8243; _module_preset=&#8221;default&#8221;][et_pb_column type=&#8221;1_2&#8243; _builder_version=&#8221;4.9.0&#8243; _module_preset=&#8221;default&#8221;][et_pb_image src=&#8221;http:\/\/craniosacral.ro\/w\/wp-content\/uploads\/2021\/02\/t-in-apa-350&#215;220-1.jpg&#8221; title_text=&#8221;t-in-apa-350&#215;220&#8243; _builder_version=&#8221;4.9.0&#8243; _module_preset=&#8221;default&#8221; hover_enabled=&#8221;0&#8243; sticky_enabled=&#8221;0&#8243;][\/et_pb_image][\/et_pb_column][et_pb_column type=&#8221;1_2&#8243; _builder_version=&#8221;4.9.0&#8243; _module_preset=&#8221;default&#8221;][\/et_pb_column][\/et_pb_row][et_pb_row _builder_version=&#8221;4.9.0&#8243; _module_preset=&#8221;default&#8221;][et_pb_column type=&#8221;4_4&#8243; _builder_version=&#8221;4.9.0&#8243; _module_preset=&#8221;default&#8221;][et_pb_text _builder_version=&#8221;4.9.0&#8243; _module_preset=&#8221;default&#8221; hover_enabled=&#8221;0&#8243; sticky_enabled=&#8221;0&#8243;]<\/p>\n<p><span>Terapia <\/span><span class=\"word\" data-words=\"\u00een,in\">\u00een<\/span><span> <\/span><span class=\"word\" data-words=\"apa,ap\u0103\">apa<\/span><span> se <\/span><span class=\"word\" data-words=\"desf\u0103\u0219oar\u0103,desfasoara\">desf\u0103\u0219oar\u0103<\/span><span> cu <\/span><span class=\"word\" data-words=\"mai,m\u0103i,m\u00e2i\">mai<\/span><span> <\/span><span class=\"word\" data-words=\"mul\u021bi,multi\">mul\u021bi<\/span><span> <\/span><span class=\"word\" data-words=\"terapeu\u021bi,terapeuti\">terapeu\u021bi<\/span><span>, similar <\/span><span class=\"word modified\" data-words=\"c\u0103,ca\">ca<\/span><span> <\/span><span class=\"word\" data-words=\"\u00een,in\">\u00een<\/span><span> terapia cu \u201c<\/span><span class=\"word\" data-words=\"m\u00e2ini,maini\">m\u00e2ini<\/span><span> multiple\u201d, pacientul\/clientul, fiind <\/span><span class=\"word\" data-words=\"sus\u021binut,sustinut\">sus\u021binut<\/span><span> <\/span><span class=\"word\" data-words=\"s\u0103,sa,\u0219a\">s\u0103<\/span><span> <\/span><span class=\"word\" data-words=\"pluteasc\u0103,pluteasca\">pluteasc\u0103<\/span><span> pe spate, <\/span><span class=\"word\" data-words=\"\u00een,in\">\u00een<\/span><span> <\/span><span class=\"word modified\" data-words=\"apa,ap\u0103\">ap\u0103<\/span><span>. Avantajul acestui procedeu este neutralizarea <\/span><span class=\"word modified\" data-words=\"virtual\u0103,virtuala\">virtual\u0103<\/span><span> a <\/span><span class=\"word\" data-words=\"for\u021belor,fortelor\">for\u021belor<\/span><span> de <\/span><span class=\"word\" data-words=\"gravita\u021bie,gravitatie\">gravita\u021bie<\/span><span>, <\/span><span class=\"word\" data-words=\"\u0219i,si\">\u0219i<\/span><span> de asemenea libertatea de orice <\/span><span class=\"word\" data-words=\"fric\u021biune,frictiune\">fric\u021biune<\/span><span> pe care pielea o are <\/span><span class=\"word\" data-words=\"\u00een,in\">\u00een<\/span><span> momentul <\/span><span class=\"word\" data-words=\"\u00een,in\">\u00een<\/span><span> care te <\/span><span class=\"word\" data-words=\"\u00eentinzi,intinzi\">\u00eentinzi<\/span><span> pe <\/span><span class=\"word\" data-words=\"masa,mas\u0103,ma\u0219a,ma\u0219\u0103,m\u0103sa\">masa<\/span><span> de masaj, pe <\/span><span class=\"word\" data-words=\"pat,p\u0103\u021b,p\u00e2t\">pat<\/span><span>, pe canapea <\/span><span class=\"word\" data-words=\"sau,s\u0103u,\u0219au\">sau<\/span><span> pe podea.<\/span><\/p>\n<p><span> <\/span><span class=\"word\" data-words=\"Mul\u021bi,Multi\">Mul\u021bi<\/span><span> dintre <\/span><span class=\"word\" data-words=\"mu\u0219chii,muschii\">mu\u0219chii<\/span><span> corpului <\/span><span class=\"word\" data-words=\"lucreaz\u0103,lucreaza\">lucreaz\u0103<\/span><span> constant <\/span><span class=\"word\" data-words=\"la,l\u0103\">la<\/span><span> balansarea <\/span><span class=\"word\" data-words=\"for\u021belor,fortelor\">for\u021belor<\/span><span> de <\/span><span class=\"word\" data-words=\"gravita\u021bie,gravitatie\">gravita\u021bie<\/span><span> atunci <\/span><span class=\"word\" data-words=\"c\u00e2nd,cand\">c\u00e2nd<\/span><span> <\/span><span class=\"word modified\" data-words=\"stam,st\u0103m\">st\u0103m<\/span><span> <\/span><span class=\"word\" data-words=\"\u00een,in\">\u00een<\/span><span> picioare, pe scaun, <\/span><span class=\"word\" data-words=\"\u00eentin\u0219i,intinsi\">\u00eentin\u0219i<\/span><span>, <\/span><span class=\"word\" data-words=\"c\u00e2nd,cand\">c\u00e2nd<\/span><span> mergem, <\/span><span class=\"word\" data-words=\"\u00een,in\">\u00een<\/span><span> diverse <\/span><span class=\"word\" data-words=\"activit\u0103\u021bi,activitati\">activit\u0103\u021bi<\/span><span> cotidiene, chiar <\/span><span class=\"word\" data-words=\"\u0219i,si\">\u0219i<\/span><span> atunci <\/span><span class=\"word\" data-words=\"c\u00e2nd,cand\">c\u00e2nd<\/span><span> <\/span><span class=\"word modified\" data-words=\"dansam,dans\u0103m\">dans\u0103m<\/span><span>. <\/span><span class=\"word modified\" data-words=\"Datorit\u0103,Datorita\">Datorit\u0103<\/span><span> \u201c<\/span><span class=\"word\" data-words=\"imponderabilit\u0103\u021bii,imponderabilitatii\">imponderabilit\u0103\u021bii<\/span><span>\u201d formale, create de <\/span><span class=\"word modified\" data-words=\"apa,ap\u0103\">ap\u0103<\/span><span>, <\/span><span class=\"word\" data-words=\"mu\u0219chii,muschii\">mu\u0219chii<\/span><span> <\/span><span class=\"word\" data-words=\"\u00eencep,incep\">\u00eencep<\/span><span> <\/span><span class=\"word\" data-words=\"s\u0103,sa,\u0219a\">s\u0103<\/span><span> se relaxeze <\/span><span class=\"word\" data-words=\"\u0219i,si\">\u0219i<\/span><span> <\/span><span class=\"word\" data-words=\"persoan\u0103,persoana\">persoana<\/span><span> ajunge <\/span><span class=\"word\" data-words=\"la,l\u0103\">la<\/span><span> o stare <\/span><span class=\"word modified\" data-words=\"profund\u0103,profunda\">profund\u0103<\/span><span> de deconectare. <\/span><\/p>\n<p><span>Rolul <\/span><span class=\"word\" data-words=\"terapeu\u021bilor,terapeutilor\">terapeu\u021bilor<\/span><span> este nu numai de a <\/span><span class=\"word\" data-words=\"sus\u021bine,sustine\">sus\u021bine<\/span><span> corpul pacientului\/clientului <\/span><span class=\"word\" data-words=\"\u00een,in\">\u00een<\/span><span> starea de plutire, ci se <\/span><span class=\"word\" data-words=\"conecteaz\u0103,conecteaza\">conecteaz\u0103<\/span><span> <\/span><span class=\"word\" data-words=\"la,l\u0103\">la<\/span><span> tiparele de tensiuni fasciale cu <\/span><span class=\"word\" data-words=\"inten\u021bia,intentia\">inten\u021bia<\/span><span> de a <\/span><span class=\"word\" data-words=\"ajut\u0103,ajuta\">ajuta<\/span><span> <\/span><span class=\"word\" data-words=\"la,l\u0103\">la<\/span><span> eliberarea acestora, <\/span><span class=\"word\" data-words=\"mai,m\u0103i,m\u00e2i\">mai<\/span><span> <\/span><span class=\"word\" data-words=\"ales,ale\u0219\">ales<\/span><span> atunci <\/span><span class=\"word\" data-words=\"c\u00e2nd,cand\">c\u00e2nd<\/span><span> <\/span><span class=\"word\" data-words=\"\u00een,in\">\u00een<\/span><span> procesul terapeutic, corpul poate avea <\/span><span class=\"word\" data-words=\"mi\u0219c\u0103ri,miscari\">mi\u0219c\u0103ri<\/span><span> <\/span><span class=\"word\" data-words=\"u\u0219oare,usoare\">u\u0219oare<\/span><span> dictate de impulsurile nervoase ce duc <\/span><span class=\"word\" data-words=\"la,l\u0103\">la<\/span><span> <\/span><span class=\"word\" data-words=\"relax\u0103ri,relaxari\">relax\u0103ri<\/span><span> musculare. De multe ori corpul <\/span><span class=\"word modified\" data-words=\"intra,intr\u0103,\u00eentra,\u00eentr\u0103\">intr\u0103<\/span><span> <\/span><span class=\"word\" data-words=\"\u00een,in\">\u00een<\/span><span> <\/span><span class=\"word\" data-words=\"mi\u0219c\u0103ri,miscari\">mi\u0219c\u0103ri<\/span><span> de unduire dintr-o <\/span><span class=\"word\" data-words=\"parte,p\u00e2rte\">parte<\/span><span> <\/span><span class=\"word\" data-words=\"\u00een,in\">\u00een<\/span><span> <\/span><span class=\"word\" data-words=\"alta,alt\u0103\">alta<\/span><span>, <\/span><span class=\"word\" data-words=\"\u0219i,si\">\u0219i<\/span><span> cu fiecare <\/span><span class=\"word modified\" data-words=\"inclinare,\u00eenclinare\">\u00eenclinare<\/span><span> se <\/span><span class=\"word modified\" data-words=\"adun\u0103,aduna\">adun\u0103<\/span><span> <\/span><span class=\"word\" data-words=\"mai,m\u0103i,m\u00e2i\">mai<\/span><span> <\/span><span class=\"word modified\" data-words=\"mult\u0103,multa\">mult\u0103<\/span><span> relaxare <\/span><span class=\"word\" data-words=\"\u00een,in\">\u00een<\/span><span> <\/span><span class=\"word\" data-words=\"mu\u0219chii,muschii\">mu\u0219chii<\/span><span> trunchiului, iar vertebrele <\/span><span class=\"word\" data-words=\"\u0219i,si\">\u0219i<\/span><span> discurile intervertebrale se rea\u0219eaz\u0103 <\/span><span class=\"word\" data-words=\"\u00een,in\">\u00een<\/span><span> <\/span><span class=\"word\" data-words=\"pozi\u021bii,pozitii\">pozi\u021bii<\/span><span> normale, iar <\/span><span class=\"word\" data-words=\"\u00een,in\">\u00een<\/span><span> aceste <\/span><span class=\"word\" data-words=\"situa\u021bii,situatii\">situa\u021bii<\/span><span> este foarte important <\/span><span class=\"word\" data-words=\"s\u0103,sa,\u0219a\">s\u0103<\/span><span> oferi libertate de <\/span><span class=\"word\" data-words=\"mi\u0219care,miscare\">mi\u0219care<\/span><span>, pentru facilitarea unui proces de \u201efree unwinding\u201d (<\/span><span class=\"word\" data-words=\"desf\u0103\u0219urare,desfasurare\">desf\u0103\u0219urare<\/span><span> <\/span><span class=\"word modified\" data-words=\"liber\u0103,libera\">liber\u0103<\/span><span>).<\/span><\/p>\n<p><span> Acest procedeu pote fi utilizat <\/span><span class=\"word\" data-words=\"\u0219i,si\">\u0219i<\/span><span> <\/span><span class=\"word\" data-words=\"\u00een,in\">\u00een<\/span><span> <\/span><span class=\"word\" data-words=\"scop,\u0219cop\">scop<\/span><span> de relaxare, <\/span><span class=\"word\" data-words=\"\u00eens\u0103,ins\u0103,insa,\u00eensa\">\u00eens\u0103<\/span><span> este extrem de eficient <\/span><span class=\"word\" data-words=\"\u00een,in\">\u00een<\/span><span> cazul <\/span><span class=\"word\" data-words=\"pacien\u021bilor,pacientilor\">pacien\u021bilor<\/span><span> care au suferit preinfarct, lovituri <\/span><span class=\"word\" data-words=\"la,l\u0103\">la<\/span><span> cap <\/span><span class=\"word\" data-words=\"sau,s\u0103u,\u0219au\">sau<\/span><span> <\/span><span class=\"word\" data-words=\"la,l\u0103\">la<\/span><span> <\/span><span class=\"word\" data-words=\"coloan\u0103,coloana\">coloana<\/span><span> <\/span><span class=\"word modified\" data-words=\"vertebral\u0103,vertebrala\">vertebral\u0103<\/span><span>, <\/span><span class=\"word modified\" data-words=\"c\u0103,ca\">ca<\/span><span> recuperare post-<\/span><span class=\"word modified\" data-words=\"traumatic\u0103,traumatica\">traumatic\u0103<\/span><span>, <\/span><span class=\"word\" data-words=\"\u00een,in\">\u00een<\/span><span> diferite stadii de paralizie, unde <\/span><span class=\"word\" data-words=\"\u00eent\u00e2lnim,intalnim\">\u00eent\u00e2lnim<\/span><span> grupe musculare spastice, cu hipertonicitate <\/span><span class=\"word\" data-words=\"sau,s\u0103u,\u0219au\">sau<\/span><span> <\/span><span class=\"word\" data-words=\"mu\u0219chi,muschi\">mu\u0219chi<\/span><span> <\/span><span class=\"word\" data-words=\"neutiliza\u021bi,neutilizati\">neutiliza\u021bi<\/span><span>. Este benefic de asemenea pentru <\/span><span class=\"word\" data-words=\"articula\u021bii,articulatii\">articula\u021bii<\/span><span>, ligamente <\/span><span class=\"word\" data-words=\"\u0219i,si\">\u0219i<\/span><span> tendoane cu rezultate semnificative <\/span><span class=\"word\" data-words=\"\u00een,in\">\u00een<\/span><span> \u00eenbun\u0103t\u0103\u021birea <\/span><span class=\"word\" data-words=\"func\u021biilor,functiilor\">func\u021biilor<\/span><span> neuro-motorii. Femeile gravide pot de asemenea <\/span><span class=\"word\" data-words=\"ob\u021bine,obtine\">ob\u021bine<\/span><span> prin <\/span><span class=\"word modified\" data-words=\"aceast\u0103,aceasta\">aceast\u0103<\/span><span> modalitate <\/span><span class=\"word modified\" data-words=\"terapeutic\u0103,terapeutica\">terapeutic\u0103<\/span><span> un grad ridicat de confort <\/span><span class=\"word\" data-words=\"\u0219i,si\">\u0219i<\/span><span> de eliminare a durerilor cauzate de <\/span><span class=\"word\" data-words=\"modific\u0103rile,modificarile\">modific\u0103rile<\/span><span> din procesul de <\/span><span class=\"word modified\" data-words=\"sarcina,sarcin\u0103,s\u0103rcina\">sarcin\u0103<\/span><span>, <\/span><span class=\"word\" data-words=\"ajung\u00e2nd,ajungand\">ajung\u00e2nd<\/span><span> <\/span><span class=\"word\" data-words=\"la,l\u0103\">la<\/span><span> o <\/span><span class=\"word\" data-words=\"condi\u021bie,conditie\">condi\u021bie<\/span><span> <\/span><span class=\"word modified\" data-words=\"fizic\u0103,fizica\">fizic\u0103<\/span><span> <\/span><span class=\"word modified\" data-words=\"optim\u0103,optima\">optim\u0103<\/span><span> <\/span><span class=\"word\" data-words=\"\u00een,in\">\u00een<\/span><span> vederea <\/span><span class=\"word\" data-words=\"na\u0219terii,nasterii\">na\u0219terii<\/span><span>.<\/span><\/p>\n<p>[\/et_pb_text][\/et_pb_column][\/et_pb_row][\/et_pb_section]<\/p>\n","protected":false},"excerpt":{"rendered":"<p>Terapia \u00een apa se desf\u0103\u0219oar\u0103 cu mai mul\u021bi terapeu\u021bi, similar ca \u00een terapia cu \u201cm\u00e2ini multiple\u201d, pacientul\/clientul, fiind sus\u021binut s\u0103 pluteasc\u0103 pe spate, \u00een ap\u0103. Avantajul acestui procedeu este neutralizarea virtual\u0103 a for\u021belor de gravita\u021bie, \u0219i de asemenea libertatea de orice fric\u021biune pe care pielea o are \u00een momentul \u00een care te \u00eentinzi pe masa [&hellip;]<\/p>\n","protected":false},"author":1,"featured_media":0,"parent":0,"menu_order":0,"comment_status":"closed","ping_status":"closed","template":"","meta":{"_et_pb_use_builder":"on","_et_pb_old_content":"","_et_gb_content_width":"","footnotes":""},"class_list":["post-125","page","type-page","status-publish","hentry"],"_links":{"self":[{"href":"https:\/\/craniosacral.ro\/w\/wp-json\/wp\/v2\/pages\/125","targetHints":{"allow":["GET"]}}],"collection":[{"href":"https:\/\/craniosacral.ro\/w\/wp-json\/wp\/v2\/pages"}],"about":[{"href":"https:\/\/craniosacral.ro\/w\/wp-json\/wp\/v2\/types\/page"}],"author":[{"embeddable":true,"href":"https:\/\/craniosacral.ro\/w\/wp-json\/wp\/v2\/users\/1"}],"replies":[{"embeddable":true,"href":"https:\/\/craniosacral.ro\/w\/wp-json\/wp\/v2\/comments?post=125"}],"version-history":[{"count":0,"href":"https:\/\/craniosacral.ro\/w\/wp-json\/wp\/v2\/pages\/125\/revisions"}],"wp:attachment":[{"href":"https:\/\/craniosacral.ro\/w\/wp-json\/wp\/v2\/media?parent=125"}],"curies":[{"name":"wp","href":"https:\/\/api.w.org\/{rel}","templated":true}]}}