{"id":122,"date":"2021-02-22T15:31:17","date_gmt":"2021-02-22T13:31:17","guid":{"rendered":"http:\/\/craniosacral.ro\/w\/?page_id=122"},"modified":"2021-02-22T16:01:37","modified_gmt":"2021-02-22T14:01:37","slug":"terapia-cu-maini-multiple","status":"publish","type":"page","link":"https:\/\/craniosacral.ro\/w\/terapia-cu-maini-multiple\/","title":{"rendered":"Terapia cu m\u00e2ini multiple"},"content":{"rendered":"<p>[et_pb_section fb_built=&#8221;1&#8243; _builder_version=&#8221;4.9.0&#8243; _module_preset=&#8221;default&#8221;][et_pb_row column_structure=&#8221;1_2,1_2&#8243; _builder_version=&#8221;4.9.0&#8243; _module_preset=&#8221;default&#8221;][et_pb_column type=&#8221;1_2&#8243; _builder_version=&#8221;4.9.0&#8243; _module_preset=&#8221;default&#8221;][et_pb_image src=&#8221;http:\/\/craniosacral.ro\/w\/wp-content\/uploads\/2021\/02\/t-maini-multiple-350&#215;220-1.jpg&#8221; title_text=&#8221;t-maini-multiple-350&#215;220&#8243; _builder_version=&#8221;4.9.0&#8243; _module_preset=&#8221;default&#8221; hover_enabled=&#8221;0&#8243; sticky_enabled=&#8221;0&#8243;][\/et_pb_image][\/et_pb_column][et_pb_column type=&#8221;1_2&#8243; _builder_version=&#8221;4.9.0&#8243; _module_preset=&#8221;default&#8221;][\/et_pb_column][\/et_pb_row][et_pb_row _builder_version=&#8221;4.9.0&#8243; _module_preset=&#8221;default&#8221;][et_pb_column type=&#8221;4_4&#8243; _builder_version=&#8221;4.9.0&#8243; _module_preset=&#8221;default&#8221;][et_pb_text _builder_version=&#8221;4.9.0&#8243; _module_preset=&#8221;default&#8221; hover_enabled=&#8221;0&#8243; sticky_enabled=&#8221;0&#8243;]<\/p>\n<p><strong>M\u00e2ini multiple = Tratament cu <span class=\"word\" data-words=\"mai,m\u0103i,m\u00e2i\">mai<\/span><\/strong><span><strong> mul\u0163i terapeu\u0163i<\/strong> <\/span><\/p>\n<p><span>\u00cen <\/span><span class=\"word\" data-words=\"munc\u0103,munca\">munca<\/span><span> noastr\u0103 noi numim aceast\u0103 procedur\u0103 <\/span><span class=\"word modified\" data-words=\"tehnic\u0103,tehnica\">tehnic\u0103<\/span><span> \u201em\u00e2ini multiple\u201d. <\/span><span class=\"word\" data-words=\"Asta,Ast\u0103,\u0102sta\">Asta<\/span><span> \u00eenseamn\u0103 c\u0103 cel pu\u0163<\/span><span class=\"word modified\" data-words=\"\u00een,in\">in<\/span><span> doi terapeu\u0163i lucreaz\u0103 \u00een acela\u015fi <\/span><span class=\"word\" data-words=\"timp,t\u00eemp,\u021bimp,\u021b\u00eemp\">timp<\/span><span> pe un singur pacient\/ client, dar cel <\/span><span class=\"word\" data-words=\"mai,m\u0103i,m\u00e2i\">mai<\/span><span> adesea <\/span><span class=\"word\" data-words=\"sunt,\u0219unt\">sunt<\/span><span> trei <\/span><span class=\"word\" data-words=\"sau,s\u0103u,\u0219au\">sau<\/span><span> patru terapeu\u0163i care lucreaz\u0103 simultan \u00een echip\u0103, ceea ce duce <\/span><span class=\"word\" data-words=\"la,l\u0103\">la<\/span><span> 6 p\u00e2n\u0103 <\/span><span class=\"word\" data-words=\"la,l\u0103\">la<\/span><span> 8 m\u00e2ini terapeutice.<\/span><\/p>\n<p><span> Fiecare membru <\/span><span class=\"word\" data-words=\"al,\u0103l\">al<\/span><span> echipei simte acela\u015fi lucru \u015fi <\/span><span class=\"word\" data-words=\"munc\u0103,munca\">munca<\/span><span> fiec\u0103rui terapeut \u00een <\/span><span class=\"word\" data-words=\"parte,p\u00e2rte\">parte<\/span><span> este aproape \u00eentotdeauna complementar\u0103 efortului general <\/span><span class=\"word\" data-words=\"al,\u0103l\">al<\/span><span> echipei. De obicei, un terapeut are pozi\u0163ia de \u201elider\u201d, fiind <\/span><span class=\"word modified\" data-words=\"c\u0103,ca\">ca<\/span><span> un coordonator pentru protocolul de tratament <\/span><span class=\"word\" data-words=\"la,l\u0103\">la<\/span><span> care <\/span><span class=\"word\" data-words=\"ceilal\u021bi,ceilalti\">ceilal\u021bi<\/span><span> membrii <\/span><span class=\"word modified\" data-words=\"comunic\u0103,comunica\">comunic\u0103<\/span><span> <\/span><span class=\"word\" data-words=\"situa\u021bia,situatia\">situa\u021bia<\/span><span> <\/span><span class=\"word modified\" data-words=\"local\u0103,locala\">local\u0103<\/span><span> a zonei pe care <\/span><span class=\"word\" data-words=\"lucreaz\u0103,lucreaza\">lucreaz\u0103<\/span><span>.<\/span><\/p>\n<p><span> De ce facem tratamente \u00een grup \u2013 m\u00e2ini multiple? Principalul motiv este c\u0103 pacientul\/clientul beneficiaz\u0103 de un tratament <\/span><span class=\"word\" data-words=\"mai,m\u0103i,m\u00e2i\">mai<\/span><span> rapid \u015fi <\/span><span class=\"word\" data-words=\"mai,m\u0103i,m\u00e2i\">mai<\/span><span> eficient, <\/span><span class=\"word\" data-words=\"reduc\u00e2nd,reducand\">reduc\u00e2nd<\/span><span> astfel poate <\/span><span class=\"word\" data-words=\"num\u0103rul,numarul\">num\u0103rul<\/span><span> general de <\/span><span class=\"word\" data-words=\"\u0219edin\u021be,sedinte\">\u0219edin\u021be<\/span><span> <\/span><span class=\"word\" data-words=\"sau,s\u0103u,\u0219au\">sau<\/span><span> <\/span><span class=\"word\" data-words=\"av\u00e2nd,avand\">av\u00e2nd<\/span><span> valoare <\/span><span class=\"word\" data-words=\"terapeutic\u0103,terapeutica\">terapeutica<\/span><span> <\/span><span class=\"word\" data-words=\"exponen\u021bial\u0103,exponen\u021biala,exponentiala\">exponen\u021bial\u0103<\/span><span>. Acest <\/span><span class=\"word\" data-words=\"tip,\u021bip,\u021b\u00eep\">tip<\/span><span> de tratament este indicat pentru probleme dificile, cronice, care nu au putut fi rezolvate prin metode uzuale de tratament.<\/span><\/p>\n<p><em> \u201c<span class=\"word\" data-words=\"\u00cen,In\">\u00cen<\/span> <span class=\"word\" data-words=\"imagina\u021bia,imaginatia\">imagina\u021bia<\/span> mea, din <span class=\"word\" data-words=\"experien\u021b\u0103,experien\u021ba,experienta\">experien\u021b\u0103<\/span> de terapie cu <span class=\"word\" data-words=\"m\u00e2ini,maini\">m\u00e2ini<\/span> multiple <span class=\"word\" data-words=\"\u0219i,si\">\u0219i<\/span> <span class=\"word\" data-words=\"mai,m\u0103i,m\u00e2i\">mai<\/span> <span class=\"word\" data-words=\"ales,ale\u0219\">ales<\/span> <span class=\"word modified\" data-words=\"c\u0103,ca\">ca<\/span> lider terapeut, <span class=\"word\" data-words=\"m\u0103,ma\">m\u0103<\/span> <span class=\"word\" data-words=\"simt,sim\u021b\">simt<\/span> <span class=\"word modified\" data-words=\"c\u0103,ca\">ca<\/span> o <span class=\"word\" data-words=\"caracati\u021b\u0103,caracati\u021ba,caracatita\">caracati\u021b\u0103<\/span> ce poate <span class=\"word\" data-words=\"acces\u0103,accesa\">accesa<\/span> <span class=\"word\" data-words=\"mai,m\u0103i,m\u00e2i\">mai<\/span> mult puncte , lucruri, zone, <span class=\"word\" data-words=\"\u00een,in\">\u00een<\/span> <span class=\"word\" data-words=\"acela\u0219i,acelasi\">acela\u0219i<\/span> <span class=\"word\" data-words=\"timp,t\u00eemp,\u021bimp,\u021b\u00eemp\">timp<\/span>, <span class=\"word\" data-words=\"av\u00e2nd,avand\">av\u00e2nd<\/span> acces <span class=\"word\" data-words=\"mai,m\u0103i,m\u00e2i\">mai<\/span> facil pentru <span class=\"word\" data-words=\"acela\u0219i,acelasi\">acela\u0219i<\/span> <span class=\"word\" data-words=\"scop,\u0219cop\">scop<\/span> comun: <span class=\"word\" data-words=\"sus\u021binere,sustinere\">sus\u021binere<\/span> <span class=\"word modified\" data-words=\"terapeutic\u0103,terapeutica\">terapeutic\u0103<\/span><\/em><span><em> pentru pacientul\/clientul nostru\u201d<\/em> \u2013 Mihaela Gugu<\/span><\/p>\n<p>[\/et_pb_text][\/et_pb_column][\/et_pb_row][\/et_pb_section]<\/p>\n","protected":false},"excerpt":{"rendered":"<p>M\u00e2ini multiple = Tratament cu mai mul\u0163i terapeu\u0163i \u00cen munca noastr\u0103 noi numim aceast\u0103 procedur\u0103 tehnic\u0103 \u201em\u00e2ini multiple\u201d. Asta \u00eenseamn\u0103 c\u0103 cel pu\u0163in doi terapeu\u0163i lucreaz\u0103 \u00een acela\u015fi timp pe un singur pacient\/ client, dar cel mai adesea sunt trei sau patru terapeu\u0163i care lucreaz\u0103 simultan \u00een echip\u0103, ceea ce duce la 6 p\u00e2n\u0103 la [&hellip;]<\/p>\n","protected":false},"author":1,"featured_media":0,"parent":0,"menu_order":0,"comment_status":"closed","ping_status":"closed","template":"","meta":{"_et_pb_use_builder":"on","_et_pb_old_content":"","_et_gb_content_width":"","footnotes":""},"class_list":["post-122","page","type-page","status-publish","hentry"],"_links":{"self":[{"href":"https:\/\/craniosacral.ro\/w\/wp-json\/wp\/v2\/pages\/122","targetHints":{"allow":["GET"]}}],"collection":[{"href":"https:\/\/craniosacral.ro\/w\/wp-json\/wp\/v2\/pages"}],"about":[{"href":"https:\/\/craniosacral.ro\/w\/wp-json\/wp\/v2\/types\/page"}],"author":[{"embeddable":true,"href":"https:\/\/craniosacral.ro\/w\/wp-json\/wp\/v2\/users\/1"}],"replies":[{"embeddable":true,"href":"https:\/\/craniosacral.ro\/w\/wp-json\/wp\/v2\/comments?post=122"}],"version-history":[{"count":0,"href":"https:\/\/craniosacral.ro\/w\/wp-json\/wp\/v2\/pages\/122\/revisions"}],"wp:attachment":[{"href":"https:\/\/craniosacral.ro\/w\/wp-json\/wp\/v2\/media?parent=122"}],"curies":[{"name":"wp","href":"https:\/\/api.w.org\/{rel}","templated":true}]}}